{"id":1631,"date":"2023-07-18T15:59:39","date_gmt":"2023-07-18T13:59:39","guid":{"rendered":"https:\/\/airstayprague.com\/?post_type=product&#038;p=1631"},"modified":"2023-07-18T15:59:39","modified_gmt":"2023-07-18T13:59:39","slug":"kvetinova-priprava-postele-a-apartmanu","status":"publish","type":"product","link":"http:\/\/www.airstayprague.com\/en\/product\/kvetinova-priprava-postele-a-apartmanu\/","title":{"rendered":"Flower preparation of bed and apartment"},"content":{"rendered":"<p>Make your arrival special lwith bouquet of flowers and flower petals on the bed.&nbsp;<\/p>","protected":false},"excerpt":{"rendered":"<p>V cen\u011b bouquet kv\u011btin a l\u00edstky na posteli.<\/p>","protected":false},"featured_media":1632,"template":"","meta":{"_acf_changed":false},"product_brand":[],"product_cat":[18],"product_tag":[],"class_list":{"0":"post-1631","1":"product","2":"type-product","3":"status-publish","4":"has-post-thumbnail","6":"product_cat-nezarazene","8":"first","9":"instock","10":"virtual","11":"taxable","12":"purchasable","13":"product-type-simple"},"acf":[],"yoast_head":"<!-- This site is optimized with the Yoast SEO plugin v26.4 - https:\/\/yoast.com\/wordpress\/plugins\/seo\/ -->\n<title>Kv\u011btinov\u00e1 p\u0159\u00edprava postele a apartm\u00e1nu - Airstay Prague<\/title>\n<meta name=\"robots\" content=\"index, follow, max-snippet:-1, max-image-preview:large, max-video-preview:-1\" \/>\n<link rel=\"canonical\" href=\"https:\/\/www.airstayprague.com\/en\/product\/kvetinova-priprava-postele-a-apartmanu\/\" \/>\n<meta property=\"og:locale\" content=\"en_GB\" \/>\n<meta property=\"og:type\" content=\"article\" \/>\n<meta property=\"og:title\" content=\"Kv\u011btinov\u00e1 p\u0159\u00edprava postele a apartm\u00e1nu - Airstay Prague\" \/>\n<meta property=\"og:description\" content=\"V cen\u011b bouquet kv\u011btin a l\u00edstky na posteli.\" \/>\n<meta property=\"og:url\" content=\"https:\/\/www.airstayprague.com\/en\/product\/kvetinova-priprava-postele-a-apartmanu\/\" \/>\n<meta property=\"og:site_name\" content=\"Airstay Prague\" \/>\n<meta property=\"article:publisher\" content=\"https:\/\/www.facebook.com\/AirstayInc\" \/>\n<meta property=\"og:image\" content=\"https:\/\/www.airstayprague.com\/wp-content\/uploads\/2023\/07\/7b98963e-fc6f-4960-b0cb-b9b478e8b8d9.jpg\" \/>\n\t<meta property=\"og:image:width\" content=\"2560\" \/>\n\t<meta property=\"og:image:height\" content=\"1707\" \/>\n\t<meta property=\"og:image:type\" content=\"image\/jpeg\" \/>\n<meta name=\"twitter:card\" content=\"summary_large_image\" \/>\n<script type=\"application\/ld+json\" class=\"yoast-schema-graph\">{\"@context\":\"https:\/\/schema.org\",\"@graph\":[{\"@type\":\"WebPage\",\"@id\":\"https:\/\/www.airstayprague.com\/produkt\/kvetinova-priprava-postele-a-apartmanu\/\",\"url\":\"https:\/\/www.airstayprague.com\/produkt\/kvetinova-priprava-postele-a-apartmanu\/\",\"name\":\"Kv\u011btinov\u00e1 p\u0159\u00edprava postele a apartm\u00e1nu - Airstay Prague\",\"isPartOf\":{\"@id\":\"https:\/\/www.airstayprague.com\/#website\"},\"primaryImageOfPage\":{\"@id\":\"https:\/\/www.airstayprague.com\/produkt\/kvetinova-priprava-postele-a-apartmanu\/#primaryimage\"},\"image\":{\"@id\":\"https:\/\/www.airstayprague.com\/produkt\/kvetinova-priprava-postele-a-apartmanu\/#primaryimage\"},\"thumbnailUrl\":\"https:\/\/www.airstayprague.com\/wp-content\/uploads\/2023\/07\/7b98963e-fc6f-4960-b0cb-b9b478e8b8d9.jpg\",\"datePublished\":\"2023-07-18T13:59:39+00:00\",\"breadcrumb\":{\"@id\":\"https:\/\/www.airstayprague.com\/produkt\/kvetinova-priprava-postele-a-apartmanu\/#breadcrumb\"},\"inLanguage\":\"en-GB\",\"potentialAction\":[{\"@type\":\"ReadAction\",\"target\":[\"https:\/\/www.airstayprague.com\/produkt\/kvetinova-priprava-postele-a-apartmanu\/\"]}]},{\"@type\":\"ImageObject\",\"inLanguage\":\"en-GB\",\"@id\":\"https:\/\/www.airstayprague.com\/produkt\/kvetinova-priprava-postele-a-apartmanu\/#primaryimage\",\"url\":\"https:\/\/www.airstayprague.com\/wp-content\/uploads\/2023\/07\/7b98963e-fc6f-4960-b0cb-b9b478e8b8d9.jpg\",\"contentUrl\":\"https:\/\/www.airstayprague.com\/wp-content\/uploads\/2023\/07\/7b98963e-fc6f-4960-b0cb-b9b478e8b8d9.jpg\",\"width\":2560,\"height\":1707},{\"@type\":\"BreadcrumbList\",\"@id\":\"https:\/\/www.airstayprague.com\/produkt\/kvetinova-priprava-postele-a-apartmanu\/#breadcrumb\",\"itemListElement\":[{\"@type\":\"ListItem\",\"position\":1,\"name\":\"Dom\u016f\",\"item\":\"https:\/\/www.airstayprague.com\/\"},{\"@type\":\"ListItem\",\"position\":2,\"name\":\"Obchod\",\"item\":\"https:\/\/www.airstayprague.com\/cs\/obchod\/\"},{\"@type\":\"ListItem\",\"position\":3,\"name\":\"Kv\u011btinov\u00e1 p\u0159\u00edprava postele a apartm\u00e1nu\"}]},{\"@type\":\"WebSite\",\"@id\":\"https:\/\/www.airstayprague.com\/#website\",\"url\":\"https:\/\/www.airstayprague.com\/\",\"name\":\"Airstay Prague\",\"description\":\"Airstay Prague\",\"publisher\":{\"@id\":\"https:\/\/www.airstayprague.com\/#organization\"},\"potentialAction\":[{\"@type\":\"SearchAction\",\"target\":{\"@type\":\"EntryPoint\",\"urlTemplate\":\"https:\/\/www.airstayprague.com\/?s={search_term_string}\"},\"query-input\":{\"@type\":\"PropertyValueSpecification\",\"valueRequired\":true,\"valueName\":\"search_term_string\"}}],\"inLanguage\":\"en-GB\"},{\"@type\":\"Organization\",\"@id\":\"https:\/\/www.airstayprague.com\/#organization\",\"name\":\"Airstay Prague s.r.o.\",\"url\":\"https:\/\/www.airstayprague.com\/\",\"logo\":{\"@type\":\"ImageObject\",\"inLanguage\":\"en-GB\",\"@id\":\"https:\/\/www.airstayprague.com\/#\/schema\/logo\/image\/\",\"url\":\"https:\/\/www.airstayprague.com\/wp-content\/uploads\/2023\/04\/original_5063651b-20aa-45ba-8046-b2b087c9a64c-e1689065705302.png\",\"contentUrl\":\"https:\/\/www.airstayprague.com\/wp-content\/uploads\/2023\/04\/original_5063651b-20aa-45ba-8046-b2b087c9a64c-e1689065705302.png\",\"width\":396,\"height\":416,\"caption\":\"Airstay Prague s.r.o.\"},\"image\":{\"@id\":\"https:\/\/www.airstayprague.com\/#\/schema\/logo\/image\/\"},\"sameAs\":[\"https:\/\/www.facebook.com\/AirstayInc\",\"https:\/\/www.instagram.com\/airstayprague\/\"]}]}<\/script>\n<!-- \/ Yoast SEO plugin. -->","yoast_head_json":{"title":"Kv\u011btinov\u00e1 p\u0159\u00edprava postele a apartm\u00e1nu - Airstay Prague","robots":{"index":"index","follow":"follow","max-snippet":"max-snippet:-1","max-image-preview":"max-image-preview:large","max-video-preview":"max-video-preview:-1"},"canonical":"https:\/\/www.airstayprague.com\/en\/product\/kvetinova-priprava-postele-a-apartmanu\/","og_locale":"en_GB","og_type":"article","og_title":"Kv\u011btinov\u00e1 p\u0159\u00edprava postele a apartm\u00e1nu - Airstay Prague","og_description":"V cen\u011b bouquet kv\u011btin a l\u00edstky na posteli.","og_url":"https:\/\/www.airstayprague.com\/en\/product\/kvetinova-priprava-postele-a-apartmanu\/","og_site_name":"Airstay Prague","article_publisher":"https:\/\/www.facebook.com\/AirstayInc","og_image":[{"width":2560,"height":1707,"url":"https:\/\/www.airstayprague.com\/wp-content\/uploads\/2023\/07\/7b98963e-fc6f-4960-b0cb-b9b478e8b8d9.jpg","type":"image\/jpeg"}],"twitter_card":"summary_large_image","schema":{"@context":"https:\/\/schema.org","@graph":[{"@type":"WebPage","@id":"https:\/\/www.airstayprague.com\/produkt\/kvetinova-priprava-postele-a-apartmanu\/","url":"https:\/\/www.airstayprague.com\/produkt\/kvetinova-priprava-postele-a-apartmanu\/","name":"Kv\u011btinov\u00e1 p\u0159\u00edprava postele a apartm\u00e1nu - Airstay Prague","isPartOf":{"@id":"https:\/\/www.airstayprague.com\/#website"},"primaryImageOfPage":{"@id":"https:\/\/www.airstayprague.com\/produkt\/kvetinova-priprava-postele-a-apartmanu\/#primaryimage"},"image":{"@id":"https:\/\/www.airstayprague.com\/produkt\/kvetinova-priprava-postele-a-apartmanu\/#primaryimage"},"thumbnailUrl":"https:\/\/www.airstayprague.com\/wp-content\/uploads\/2023\/07\/7b98963e-fc6f-4960-b0cb-b9b478e8b8d9.jpg","datePublished":"2023-07-18T13:59:39+00:00","breadcrumb":{"@id":"https:\/\/www.airstayprague.com\/produkt\/kvetinova-priprava-postele-a-apartmanu\/#breadcrumb"},"inLanguage":"en-GB","potentialAction":[{"@type":"ReadAction","target":["https:\/\/www.airstayprague.com\/produkt\/kvetinova-priprava-postele-a-apartmanu\/"]}]},{"@type":"ImageObject","inLanguage":"en-GB","@id":"https:\/\/www.airstayprague.com\/produkt\/kvetinova-priprava-postele-a-apartmanu\/#primaryimage","url":"https:\/\/www.airstayprague.com\/wp-content\/uploads\/2023\/07\/7b98963e-fc6f-4960-b0cb-b9b478e8b8d9.jpg","contentUrl":"https:\/\/www.airstayprague.com\/wp-content\/uploads\/2023\/07\/7b98963e-fc6f-4960-b0cb-b9b478e8b8d9.jpg","width":2560,"height":1707},{"@type":"BreadcrumbList","@id":"https:\/\/www.airstayprague.com\/produkt\/kvetinova-priprava-postele-a-apartmanu\/#breadcrumb","itemListElement":[{"@type":"ListItem","position":1,"name":"Dom\u016f","item":"https:\/\/www.airstayprague.com\/"},{"@type":"ListItem","position":2,"name":"Obchod","item":"https:\/\/www.airstayprague.com\/cs\/obchod\/"},{"@type":"ListItem","position":3,"name":"Kv\u011btinov\u00e1 p\u0159\u00edprava postele a apartm\u00e1nu"}]},{"@type":"WebSite","@id":"https:\/\/www.airstayprague.com\/#website","url":"https:\/\/www.airstayprague.com\/","name":"Airstay Prague","description":"Airstay Prague","publisher":{"@id":"https:\/\/www.airstayprague.com\/#organization"},"potentialAction":[{"@type":"SearchAction","target":{"@type":"EntryPoint","urlTemplate":"https:\/\/www.airstayprague.com\/?s={search_term_string}"},"query-input":{"@type":"PropertyValueSpecification","valueRequired":true,"valueName":"search_term_string"}}],"inLanguage":"en-GB"},{"@type":"Organization","@id":"https:\/\/www.airstayprague.com\/#organization","name":"Airstay Prague s.r.o.","url":"https:\/\/www.airstayprague.com\/","logo":{"@type":"ImageObject","inLanguage":"en-GB","@id":"https:\/\/www.airstayprague.com\/#\/schema\/logo\/image\/","url":"https:\/\/www.airstayprague.com\/wp-content\/uploads\/2023\/04\/original_5063651b-20aa-45ba-8046-b2b087c9a64c-e1689065705302.png","contentUrl":"https:\/\/www.airstayprague.com\/wp-content\/uploads\/2023\/04\/original_5063651b-20aa-45ba-8046-b2b087c9a64c-e1689065705302.png","width":396,"height":416,"caption":"Airstay Prague s.r.o."},"image":{"@id":"https:\/\/www.airstayprague.com\/#\/schema\/logo\/image\/"},"sameAs":["https:\/\/www.facebook.com\/AirstayInc","https:\/\/www.instagram.com\/airstayprague\/"]}]}},"_links":{"self":[{"href":"http:\/\/www.airstayprague.com\/en\/wp-json\/wp\/v2\/product\/1631","targetHints":{"allow":["GET"]}}],"collection":[{"href":"http:\/\/www.airstayprague.com\/en\/wp-json\/wp\/v2\/product"}],"about":[{"href":"http:\/\/www.airstayprague.com\/en\/wp-json\/wp\/v2\/types\/product"}],"wp:featuredmedia":[{"embeddable":true,"href":"http:\/\/www.airstayprague.com\/en\/wp-json\/wp\/v2\/media\/1632"}],"wp:attachment":[{"href":"http:\/\/www.airstayprague.com\/en\/wp-json\/wp\/v2\/media?parent=1631"}],"wp:term":[{"taxonomy":"product_brand","embeddable":true,"href":"http:\/\/www.airstayprague.com\/en\/wp-json\/wp\/v2\/product_brand?post=1631"},{"taxonomy":"product_cat","embeddable":true,"href":"http:\/\/www.airstayprague.com\/en\/wp-json\/wp\/v2\/product_cat?post=1631"},{"taxonomy":"product_tag","embeddable":true,"href":"http:\/\/www.airstayprague.com\/en\/wp-json\/wp\/v2\/product_tag?post=1631"}],"curies":[{"name":"wp","href":"https:\/\/api.w.org\/{rel}","templated":true}]}}