{"id":1629,"date":"2023-07-18T15:58:55","date_gmt":"2023-07-18T13:58:55","guid":{"rendered":"https:\/\/airstayprague.com\/?post_type=product&#038;p=1629"},"modified":"2023-11-15T17:09:19","modified_gmt":"2023-11-15T16:09:19","slug":"prosecco-lednice-3-lahve","status":"publish","type":"product","link":"http:\/\/www.airstayprague.com\/en\/product\/prosecco-lednice-3-lahve\/","title":{"rendered":"Prosecco fridge (3 bottles)"},"content":{"rendered":"<p><span style=\"font-weight: 400;\">Enjoy a couple of glasses of prosecco right after your arrival! There will be 3 bottles of prosecco ready to drink waiting for you.<\/span><\/p>","protected":false},"excerpt":{"rendered":"<p>Enjoy a couple of glasses of prosecco right after your arrival! There will be 3 bottles of prosecco ready to drink waiting for you.<\/p>","protected":false},"featured_media":1630,"template":"","meta":{"_acf_changed":false},"product_brand":[],"product_cat":[18],"product_tag":[],"class_list":{"0":"post-1629","1":"product","2":"type-product","3":"status-publish","4":"has-post-thumbnail","6":"product_cat-nezarazene","8":"first","9":"instock","10":"virtual","11":"taxable","12":"purchasable","13":"product-type-simple"},"acf":[],"yoast_head":"<!-- This site is optimized with the Yoast SEO plugin v27.3 - https:\/\/yoast.com\/product\/yoast-seo-wordpress\/ -->\n<title>Prosecco lednice (3 lahve) - Airstay Prague<\/title>\n<meta name=\"robots\" content=\"index, follow, max-snippet:-1, max-image-preview:large, max-video-preview:-1\" \/>\n<link rel=\"canonical\" href=\"https:\/\/www.airstayprague.com\/en\/product\/prosecco-lednice-3-lahve\/\" \/>\n<meta property=\"og:locale\" content=\"en_GB\" \/>\n<meta property=\"og:type\" content=\"article\" \/>\n<meta property=\"og:title\" content=\"Prosecco lednice (3 lahve) - Airstay Prague\" \/>\n<meta property=\"og:description\" content=\"U\u017eijte si sklenku vychlazen\u00e9ho proseka hned po p\u0159\u00edjezdu! V lednici na v\u00e1s budou \u010dekat hned 3 unik\u00e1tn\u00ed lahve pe\u010dliv\u011b vybran\u00e9 pro ten nejlep\u0161\u00ed z\u00e1\u017eitek.\" \/>\n<meta property=\"og:url\" content=\"https:\/\/www.airstayprague.com\/en\/product\/prosecco-lednice-3-lahve\/\" \/>\n<meta property=\"og:site_name\" content=\"Airstay Prague\" \/>\n<meta property=\"article:publisher\" content=\"https:\/\/www.facebook.com\/AirstayInc\" \/>\n<meta property=\"article:modified_time\" content=\"2023-11-15T16:09:19+00:00\" \/>\n<meta property=\"og:image\" content=\"https:\/\/www.airstayprague.com\/wp-content\/uploads\/2023\/07\/c22d69ef-4728-4373-9104-3cf61ca9b607.jpg\" \/>\n\t<meta property=\"og:image:width\" content=\"2560\" \/>\n\t<meta property=\"og:image:height\" content=\"1707\" \/>\n\t<meta property=\"og:image:type\" content=\"image\/jpeg\" \/>\n<meta name=\"twitter:card\" content=\"summary_large_image\" \/>\n<meta name=\"twitter:label1\" content=\"Estimated reading time\" \/>\n\t<meta name=\"twitter:data1\" content=\"1 minute\" \/>\n<script type=\"application\/ld+json\" class=\"yoast-schema-graph\">{\"@context\":\"https:\\\/\\\/schema.org\",\"@graph\":[{\"@type\":\"WebPage\",\"@id\":\"https:\\\/\\\/www.airstayprague.com\\\/produkt\\\/prosecco-lednice-3-lahve\\\/\",\"url\":\"https:\\\/\\\/www.airstayprague.com\\\/produkt\\\/prosecco-lednice-3-lahve\\\/\",\"name\":\"Prosecco lednice (3 lahve) - Airstay Prague\",\"isPartOf\":{\"@id\":\"https:\\\/\\\/www.airstayprague.com\\\/#website\"},\"primaryImageOfPage\":{\"@id\":\"https:\\\/\\\/www.airstayprague.com\\\/produkt\\\/prosecco-lednice-3-lahve\\\/#primaryimage\"},\"image\":{\"@id\":\"https:\\\/\\\/www.airstayprague.com\\\/produkt\\\/prosecco-lednice-3-lahve\\\/#primaryimage\"},\"thumbnailUrl\":\"https:\\\/\\\/www.airstayprague.com\\\/wp-content\\\/uploads\\\/2023\\\/07\\\/c22d69ef-4728-4373-9104-3cf61ca9b607.jpg\",\"datePublished\":\"2023-07-18T13:58:55+00:00\",\"dateModified\":\"2023-11-15T16:09:19+00:00\",\"breadcrumb\":{\"@id\":\"https:\\\/\\\/www.airstayprague.com\\\/produkt\\\/prosecco-lednice-3-lahve\\\/#breadcrumb\"},\"inLanguage\":\"en-GB\",\"potentialAction\":[{\"@type\":\"ReadAction\",\"target\":[\"https:\\\/\\\/www.airstayprague.com\\\/produkt\\\/prosecco-lednice-3-lahve\\\/\"]}]},{\"@type\":\"ImageObject\",\"inLanguage\":\"en-GB\",\"@id\":\"https:\\\/\\\/www.airstayprague.com\\\/produkt\\\/prosecco-lednice-3-lahve\\\/#primaryimage\",\"url\":\"https:\\\/\\\/www.airstayprague.com\\\/wp-content\\\/uploads\\\/2023\\\/07\\\/c22d69ef-4728-4373-9104-3cf61ca9b607.jpg\",\"contentUrl\":\"https:\\\/\\\/www.airstayprague.com\\\/wp-content\\\/uploads\\\/2023\\\/07\\\/c22d69ef-4728-4373-9104-3cf61ca9b607.jpg\",\"width\":2560,\"height\":1707},{\"@type\":\"BreadcrumbList\",\"@id\":\"https:\\\/\\\/www.airstayprague.com\\\/produkt\\\/prosecco-lednice-3-lahve\\\/#breadcrumb\",\"itemListElement\":[{\"@type\":\"ListItem\",\"position\":1,\"name\":\"Dom\u016f\",\"item\":\"https:\\\/\\\/www.airstayprague.com\\\/\"},{\"@type\":\"ListItem\",\"position\":2,\"name\":\"Obchod\",\"item\":\"https:\\\/\\\/www.airstayprague.com\\\/cs\\\/obchod\\\/\"},{\"@type\":\"ListItem\",\"position\":3,\"name\":\"Prosecco lednice (3 lahve)\"}]},{\"@type\":\"WebSite\",\"@id\":\"https:\\\/\\\/www.airstayprague.com\\\/#website\",\"url\":\"https:\\\/\\\/www.airstayprague.com\\\/\",\"name\":\"Airstay Prague\",\"description\":\"Airstay Prague\",\"publisher\":{\"@id\":\"https:\\\/\\\/www.airstayprague.com\\\/#organization\"},\"potentialAction\":[{\"@type\":\"SearchAction\",\"target\":{\"@type\":\"EntryPoint\",\"urlTemplate\":\"https:\\\/\\\/www.airstayprague.com\\\/?s={search_term_string}\"},\"query-input\":{\"@type\":\"PropertyValueSpecification\",\"valueRequired\":true,\"valueName\":\"search_term_string\"}}],\"inLanguage\":\"en-GB\"},{\"@type\":\"Organization\",\"@id\":\"https:\\\/\\\/www.airstayprague.com\\\/#organization\",\"name\":\"Airstay Prague s.r.o.\",\"url\":\"https:\\\/\\\/www.airstayprague.com\\\/\",\"logo\":{\"@type\":\"ImageObject\",\"inLanguage\":\"en-GB\",\"@id\":\"https:\\\/\\\/www.airstayprague.com\\\/#\\\/schema\\\/logo\\\/image\\\/\",\"url\":\"https:\\\/\\\/www.airstayprague.com\\\/wp-content\\\/uploads\\\/2023\\\/04\\\/original_5063651b-20aa-45ba-8046-b2b087c9a64c-e1689065705302.png\",\"contentUrl\":\"https:\\\/\\\/www.airstayprague.com\\\/wp-content\\\/uploads\\\/2023\\\/04\\\/original_5063651b-20aa-45ba-8046-b2b087c9a64c-e1689065705302.png\",\"width\":396,\"height\":416,\"caption\":\"Airstay Prague s.r.o.\"},\"image\":{\"@id\":\"https:\\\/\\\/www.airstayprague.com\\\/#\\\/schema\\\/logo\\\/image\\\/\"},\"sameAs\":[\"https:\\\/\\\/www.facebook.com\\\/AirstayInc\",\"https:\\\/\\\/www.instagram.com\\\/airstayprague\\\/\"]}]}<\/script>\n<!-- \/ Yoast SEO plugin. -->","yoast_head_json":{"title":"Prosecco lednice (3 lahve) - Airstay Prague","robots":{"index":"index","follow":"follow","max-snippet":"max-snippet:-1","max-image-preview":"max-image-preview:large","max-video-preview":"max-video-preview:-1"},"canonical":"https:\/\/www.airstayprague.com\/en\/product\/prosecco-lednice-3-lahve\/","og_locale":"en_GB","og_type":"article","og_title":"Prosecco lednice (3 lahve) - Airstay Prague","og_description":"U\u017eijte si sklenku vychlazen\u00e9ho proseka hned po p\u0159\u00edjezdu! V lednici na v\u00e1s budou \u010dekat hned 3 unik\u00e1tn\u00ed lahve pe\u010dliv\u011b vybran\u00e9 pro ten nejlep\u0161\u00ed z\u00e1\u017eitek.","og_url":"https:\/\/www.airstayprague.com\/en\/product\/prosecco-lednice-3-lahve\/","og_site_name":"Airstay Prague","article_publisher":"https:\/\/www.facebook.com\/AirstayInc","article_modified_time":"2023-11-15T16:09:19+00:00","og_image":[{"width":2560,"height":1707,"url":"https:\/\/www.airstayprague.com\/wp-content\/uploads\/2023\/07\/c22d69ef-4728-4373-9104-3cf61ca9b607.jpg","type":"image\/jpeg"}],"twitter_card":"summary_large_image","twitter_misc":{"Estimated reading time":"1 minute"},"schema":{"@context":"https:\/\/schema.org","@graph":[{"@type":"WebPage","@id":"https:\/\/www.airstayprague.com\/produkt\/prosecco-lednice-3-lahve\/","url":"https:\/\/www.airstayprague.com\/produkt\/prosecco-lednice-3-lahve\/","name":"Prosecco lednice (3 lahve) - Airstay Prague","isPartOf":{"@id":"https:\/\/www.airstayprague.com\/#website"},"primaryImageOfPage":{"@id":"https:\/\/www.airstayprague.com\/produkt\/prosecco-lednice-3-lahve\/#primaryimage"},"image":{"@id":"https:\/\/www.airstayprague.com\/produkt\/prosecco-lednice-3-lahve\/#primaryimage"},"thumbnailUrl":"https:\/\/www.airstayprague.com\/wp-content\/uploads\/2023\/07\/c22d69ef-4728-4373-9104-3cf61ca9b607.jpg","datePublished":"2023-07-18T13:58:55+00:00","dateModified":"2023-11-15T16:09:19+00:00","breadcrumb":{"@id":"https:\/\/www.airstayprague.com\/produkt\/prosecco-lednice-3-lahve\/#breadcrumb"},"inLanguage":"en-GB","potentialAction":[{"@type":"ReadAction","target":["https:\/\/www.airstayprague.com\/produkt\/prosecco-lednice-3-lahve\/"]}]},{"@type":"ImageObject","inLanguage":"en-GB","@id":"https:\/\/www.airstayprague.com\/produkt\/prosecco-lednice-3-lahve\/#primaryimage","url":"https:\/\/www.airstayprague.com\/wp-content\/uploads\/2023\/07\/c22d69ef-4728-4373-9104-3cf61ca9b607.jpg","contentUrl":"https:\/\/www.airstayprague.com\/wp-content\/uploads\/2023\/07\/c22d69ef-4728-4373-9104-3cf61ca9b607.jpg","width":2560,"height":1707},{"@type":"BreadcrumbList","@id":"https:\/\/www.airstayprague.com\/produkt\/prosecco-lednice-3-lahve\/#breadcrumb","itemListElement":[{"@type":"ListItem","position":1,"name":"Dom\u016f","item":"https:\/\/www.airstayprague.com\/"},{"@type":"ListItem","position":2,"name":"Obchod","item":"https:\/\/www.airstayprague.com\/cs\/obchod\/"},{"@type":"ListItem","position":3,"name":"Prosecco lednice (3 lahve)"}]},{"@type":"WebSite","@id":"https:\/\/www.airstayprague.com\/#website","url":"https:\/\/www.airstayprague.com\/","name":"Airstay Prague","description":"Airstay Prague","publisher":{"@id":"https:\/\/www.airstayprague.com\/#organization"},"potentialAction":[{"@type":"SearchAction","target":{"@type":"EntryPoint","urlTemplate":"https:\/\/www.airstayprague.com\/?s={search_term_string}"},"query-input":{"@type":"PropertyValueSpecification","valueRequired":true,"valueName":"search_term_string"}}],"inLanguage":"en-GB"},{"@type":"Organization","@id":"https:\/\/www.airstayprague.com\/#organization","name":"Airstay Prague s.r.o.","url":"https:\/\/www.airstayprague.com\/","logo":{"@type":"ImageObject","inLanguage":"en-GB","@id":"https:\/\/www.airstayprague.com\/#\/schema\/logo\/image\/","url":"https:\/\/www.airstayprague.com\/wp-content\/uploads\/2023\/04\/original_5063651b-20aa-45ba-8046-b2b087c9a64c-e1689065705302.png","contentUrl":"https:\/\/www.airstayprague.com\/wp-content\/uploads\/2023\/04\/original_5063651b-20aa-45ba-8046-b2b087c9a64c-e1689065705302.png","width":396,"height":416,"caption":"Airstay Prague s.r.o."},"image":{"@id":"https:\/\/www.airstayprague.com\/#\/schema\/logo\/image\/"},"sameAs":["https:\/\/www.facebook.com\/AirstayInc","https:\/\/www.instagram.com\/airstayprague\/"]}]}},"_links":{"self":[{"href":"http:\/\/www.airstayprague.com\/en\/wp-json\/wp\/v2\/product\/1629","targetHints":{"allow":["GET"]}}],"collection":[{"href":"http:\/\/www.airstayprague.com\/en\/wp-json\/wp\/v2\/product"}],"about":[{"href":"http:\/\/www.airstayprague.com\/en\/wp-json\/wp\/v2\/types\/product"}],"wp:featuredmedia":[{"embeddable":true,"href":"http:\/\/www.airstayprague.com\/en\/wp-json\/wp\/v2\/media\/1630"}],"wp:attachment":[{"href":"http:\/\/www.airstayprague.com\/en\/wp-json\/wp\/v2\/media?parent=1629"}],"wp:term":[{"taxonomy":"product_brand","embeddable":true,"href":"http:\/\/www.airstayprague.com\/en\/wp-json\/wp\/v2\/product_brand?post=1629"},{"taxonomy":"product_cat","embeddable":true,"href":"http:\/\/www.airstayprague.com\/en\/wp-json\/wp\/v2\/product_cat?post=1629"},{"taxonomy":"product_tag","embeddable":true,"href":"http:\/\/www.airstayprague.com\/en\/wp-json\/wp\/v2\/product_tag?post=1629"}],"curies":[{"name":"wp","href":"https:\/\/api.w.org\/{rel}","templated":true}]}}