{"id":1625,"date":"2023-07-18T15:56:20","date_gmt":"2023-07-18T13:56:20","guid":{"rendered":"https:\/\/airstayprague.com\/?post_type=product&#038;p=1625"},"modified":"2024-11-11T13:22:53","modified_gmt":"2024-11-11T12:22:53","slug":"snidane-v-lednici-pri-prijezdu","status":"publish","type":"product","link":"http:\/\/www.airstayprague.com\/en\/product\/snidane-v-lednici-pri-prijezdu\/","title":{"rendered":"Sn\u00eddan\u011b v lednici p\u0159i p\u0159\u00edjezdu &#8211;"},"content":{"rendered":"<p><span style=\"font-weight: 400;\">Do you want your fridge stocked for your arrival and the following days? No problem, we'll prepare everything so you don't have to worry about a thing!\nBreakfast consists of juice, milk (vegetable option), cereal, ham, cheese, bread and fruit. Vegetarian or vegan version available on request.<\/span><span style=\"font-weight: 400;\">n\u00eddan\u011b se skl\u00e1d\u00e1 z d\u017eusu, ml\u00e9ka (mo\u017enost rostlinn\u00e9ho), cere\u00e1li\u00ed, \u0161unky, s\u00fdru, pe\u010diva a ovoce. Mo\u017enost vegetari\u00e1nsk\u00e9 \u010di vegansk\u00e9 verze na vy\u017e\u00e1d\u00e1n\u00ed.\u00a0\u00a0<\/span><\/p>\n<p>The breakfast order is for 2\u20134 people. If you are a larger group, please add a breakfast package according to the number of people<\/p>","protected":false},"excerpt":{"rendered":"<p>Chcete m\u00edt v lednici nakoupeno p\u0159i p\u0159\u00edjezdu a na dal\u0161\u00ed dny? Nen\u00ed probl\u00e9m, v\u0161e p\u0159iprav\u00edme, abyste nemuseli v\u016fbec nic \u0159e\u0161it! Sn\u00eddan\u011b se skl\u00e1d\u00e1 z d\u017eusu, ml\u00e9ka (mo\u017enost rostlinn\u00e9ho), cere\u00e1li\u00ed, \u0161unky, s\u00fdru, pe\u010diva a ovoce. Mo\u017enost vegetari\u00e1nsk\u00e9 \u010di vegansk\u00e9 verze na vy\u017e\u00e1d\u00e1n\u00ed.\u00a0\u00a0 Objedn\u00e1vka sn\u00eddan\u011b je pro 2 &#8211; 4 osoby. Pokud jste v\u011bt\u0161\u00ed skupina mus\u00edte pros\u00edm [&hellip;]<\/p>\n","protected":false},"featured_media":1626,"template":"","meta":{"_acf_changed":false},"product_brand":[],"product_cat":[18],"product_tag":[],"class_list":{"0":"post-1625","1":"product","2":"type-product","3":"status-publish","4":"has-post-thumbnail","6":"product_cat-nezarazene","8":"first","9":"instock","10":"virtual","11":"taxable","12":"purchasable","13":"product-type-simple"},"acf":[],"yoast_head":"<!-- This site is optimized with the Yoast SEO plugin v27.3 - https:\/\/yoast.com\/product\/yoast-seo-wordpress\/ -->\n<title>Sn\u00eddan\u011b v lednici p\u0159i p\u0159\u00edjezdu - Airstay Prague<\/title>\n<meta name=\"robots\" content=\"index, follow, max-snippet:-1, max-image-preview:large, max-video-preview:-1\" \/>\n<link rel=\"canonical\" href=\"https:\/\/www.airstayprague.com\/en\/product\/snidane-v-lednici-pri-prijezdu\/\" \/>\n<meta property=\"og:locale\" content=\"en_GB\" \/>\n<meta property=\"og:type\" content=\"article\" \/>\n<meta property=\"og:title\" content=\"Sn\u00eddan\u011b v lednici p\u0159i p\u0159\u00edjezdu - Airstay Prague\" \/>\n<meta property=\"og:description\" content=\"Chcete m\u00edt v lednici nakoupeno p\u0159i p\u0159\u00edjezdu a na dal\u0161\u00ed dny? Nen\u00ed probl\u00e9m, v\u0161e p\u0159iprav\u00edme, abyste nemuseli v\u016fbec nic \u0159e\u0161it! Sn\u00eddan\u011b se skl\u00e1d\u00e1 z d\u017eusu, ml\u00e9ka (mo\u017enost rostlinn\u00e9ho), cere\u00e1li\u00ed, \u0161unky, s\u00fdru, pe\u010diva a ovoce. Mo\u017enost vegetari\u00e1nsk\u00e9 \u010di vegansk\u00e9 verze na vy\u017e\u00e1d\u00e1n\u00ed.\u00a0\u00a0 Objedn\u00e1vka sn\u00eddan\u011b je pro 2 &#8211; 4 osoby. Pokud jste v\u011bt\u0161\u00ed skupina mus\u00edte pros\u00edm [&hellip;]\" \/>\n<meta property=\"og:url\" content=\"https:\/\/www.airstayprague.com\/en\/product\/snidane-v-lednici-pri-prijezdu\/\" \/>\n<meta property=\"og:site_name\" content=\"Airstay Prague\" \/>\n<meta property=\"article:publisher\" content=\"https:\/\/www.facebook.com\/AirstayInc\" \/>\n<meta property=\"article:modified_time\" content=\"2024-11-11T12:22:53+00:00\" \/>\n<meta property=\"og:image\" content=\"https:\/\/www.airstayprague.com\/wp-content\/uploads\/2023\/07\/037b610c-f299-4ba1-b280-d58223daf086.jpg\" \/>\n\t<meta property=\"og:image:width\" content=\"2560\" \/>\n\t<meta property=\"og:image:height\" content=\"1707\" \/>\n\t<meta property=\"og:image:type\" content=\"image\/jpeg\" \/>\n<meta name=\"twitter:card\" content=\"summary_large_image\" \/>\n<meta name=\"twitter:label1\" content=\"Estimated reading time\" \/>\n\t<meta name=\"twitter:data1\" content=\"1 minute\" \/>\n<script type=\"application\/ld+json\" class=\"yoast-schema-graph\">{\"@context\":\"https:\\\/\\\/schema.org\",\"@graph\":[{\"@type\":\"WebPage\",\"@id\":\"https:\\\/\\\/www.airstayprague.com\\\/produkt\\\/snidane-v-lednici-pri-prijezdu\\\/\",\"url\":\"https:\\\/\\\/www.airstayprague.com\\\/produkt\\\/snidane-v-lednici-pri-prijezdu\\\/\",\"name\":\"Sn\u00eddan\u011b v lednici p\u0159i p\u0159\u00edjezdu - Airstay Prague\",\"isPartOf\":{\"@id\":\"https:\\\/\\\/www.airstayprague.com\\\/#website\"},\"primaryImageOfPage\":{\"@id\":\"https:\\\/\\\/www.airstayprague.com\\\/produkt\\\/snidane-v-lednici-pri-prijezdu\\\/#primaryimage\"},\"image\":{\"@id\":\"https:\\\/\\\/www.airstayprague.com\\\/produkt\\\/snidane-v-lednici-pri-prijezdu\\\/#primaryimage\"},\"thumbnailUrl\":\"https:\\\/\\\/www.airstayprague.com\\\/wp-content\\\/uploads\\\/2023\\\/07\\\/037b610c-f299-4ba1-b280-d58223daf086.jpg\",\"datePublished\":\"2023-07-18T13:56:20+00:00\",\"dateModified\":\"2024-11-11T12:22:53+00:00\",\"breadcrumb\":{\"@id\":\"https:\\\/\\\/www.airstayprague.com\\\/produkt\\\/snidane-v-lednici-pri-prijezdu\\\/#breadcrumb\"},\"inLanguage\":\"en-GB\",\"potentialAction\":[{\"@type\":\"ReadAction\",\"target\":[\"https:\\\/\\\/www.airstayprague.com\\\/produkt\\\/snidane-v-lednici-pri-prijezdu\\\/\"]}]},{\"@type\":\"ImageObject\",\"inLanguage\":\"en-GB\",\"@id\":\"https:\\\/\\\/www.airstayprague.com\\\/produkt\\\/snidane-v-lednici-pri-prijezdu\\\/#primaryimage\",\"url\":\"https:\\\/\\\/www.airstayprague.com\\\/wp-content\\\/uploads\\\/2023\\\/07\\\/037b610c-f299-4ba1-b280-d58223daf086.jpg\",\"contentUrl\":\"https:\\\/\\\/www.airstayprague.com\\\/wp-content\\\/uploads\\\/2023\\\/07\\\/037b610c-f299-4ba1-b280-d58223daf086.jpg\",\"width\":2560,\"height\":1707},{\"@type\":\"BreadcrumbList\",\"@id\":\"https:\\\/\\\/www.airstayprague.com\\\/produkt\\\/snidane-v-lednici-pri-prijezdu\\\/#breadcrumb\",\"itemListElement\":[{\"@type\":\"ListItem\",\"position\":1,\"name\":\"Dom\u016f\",\"item\":\"https:\\\/\\\/www.airstayprague.com\\\/\"},{\"@type\":\"ListItem\",\"position\":2,\"name\":\"Obchod\",\"item\":\"https:\\\/\\\/www.airstayprague.com\\\/cs\\\/obchod\\\/\"},{\"@type\":\"ListItem\",\"position\":3,\"name\":\"Sn\u00eddan\u011b v lednici p\u0159i p\u0159\u00edjezdu &#8211;\"}]},{\"@type\":\"WebSite\",\"@id\":\"https:\\\/\\\/www.airstayprague.com\\\/#website\",\"url\":\"https:\\\/\\\/www.airstayprague.com\\\/\",\"name\":\"Airstay Prague\",\"description\":\"Airstay Prague\",\"publisher\":{\"@id\":\"https:\\\/\\\/www.airstayprague.com\\\/#organization\"},\"potentialAction\":[{\"@type\":\"SearchAction\",\"target\":{\"@type\":\"EntryPoint\",\"urlTemplate\":\"https:\\\/\\\/www.airstayprague.com\\\/?s={search_term_string}\"},\"query-input\":{\"@type\":\"PropertyValueSpecification\",\"valueRequired\":true,\"valueName\":\"search_term_string\"}}],\"inLanguage\":\"en-GB\"},{\"@type\":\"Organization\",\"@id\":\"https:\\\/\\\/www.airstayprague.com\\\/#organization\",\"name\":\"Airstay Prague s.r.o.\",\"url\":\"https:\\\/\\\/www.airstayprague.com\\\/\",\"logo\":{\"@type\":\"ImageObject\",\"inLanguage\":\"en-GB\",\"@id\":\"https:\\\/\\\/www.airstayprague.com\\\/#\\\/schema\\\/logo\\\/image\\\/\",\"url\":\"https:\\\/\\\/www.airstayprague.com\\\/wp-content\\\/uploads\\\/2023\\\/04\\\/original_5063651b-20aa-45ba-8046-b2b087c9a64c-e1689065705302.png\",\"contentUrl\":\"https:\\\/\\\/www.airstayprague.com\\\/wp-content\\\/uploads\\\/2023\\\/04\\\/original_5063651b-20aa-45ba-8046-b2b087c9a64c-e1689065705302.png\",\"width\":396,\"height\":416,\"caption\":\"Airstay Prague s.r.o.\"},\"image\":{\"@id\":\"https:\\\/\\\/www.airstayprague.com\\\/#\\\/schema\\\/logo\\\/image\\\/\"},\"sameAs\":[\"https:\\\/\\\/www.facebook.com\\\/AirstayInc\",\"https:\\\/\\\/www.instagram.com\\\/airstayprague\\\/\"]}]}<\/script>\n<!-- \/ Yoast SEO plugin. -->","yoast_head_json":{"title":"Sn\u00eddan\u011b v lednici p\u0159i p\u0159\u00edjezdu - Airstay Prague","robots":{"index":"index","follow":"follow","max-snippet":"max-snippet:-1","max-image-preview":"max-image-preview:large","max-video-preview":"max-video-preview:-1"},"canonical":"https:\/\/www.airstayprague.com\/en\/product\/snidane-v-lednici-pri-prijezdu\/","og_locale":"en_GB","og_type":"article","og_title":"Sn\u00eddan\u011b v lednici p\u0159i p\u0159\u00edjezdu - Airstay Prague","og_description":"Chcete m\u00edt v lednici nakoupeno p\u0159i p\u0159\u00edjezdu a na dal\u0161\u00ed dny? Nen\u00ed probl\u00e9m, v\u0161e p\u0159iprav\u00edme, abyste nemuseli v\u016fbec nic \u0159e\u0161it! Sn\u00eddan\u011b se skl\u00e1d\u00e1 z d\u017eusu, ml\u00e9ka (mo\u017enost rostlinn\u00e9ho), cere\u00e1li\u00ed, \u0161unky, s\u00fdru, pe\u010diva a ovoce. Mo\u017enost vegetari\u00e1nsk\u00e9 \u010di vegansk\u00e9 verze na vy\u017e\u00e1d\u00e1n\u00ed.\u00a0\u00a0 Objedn\u00e1vka sn\u00eddan\u011b je pro 2 &#8211; 4 osoby. Pokud jste v\u011bt\u0161\u00ed skupina mus\u00edte pros\u00edm [&hellip;]","og_url":"https:\/\/www.airstayprague.com\/en\/product\/snidane-v-lednici-pri-prijezdu\/","og_site_name":"Airstay Prague","article_publisher":"https:\/\/www.facebook.com\/AirstayInc","article_modified_time":"2024-11-11T12:22:53+00:00","og_image":[{"width":2560,"height":1707,"url":"https:\/\/www.airstayprague.com\/wp-content\/uploads\/2023\/07\/037b610c-f299-4ba1-b280-d58223daf086.jpg","type":"image\/jpeg"}],"twitter_card":"summary_large_image","twitter_misc":{"Estimated reading time":"1 minute"},"schema":{"@context":"https:\/\/schema.org","@graph":[{"@type":"WebPage","@id":"https:\/\/www.airstayprague.com\/produkt\/snidane-v-lednici-pri-prijezdu\/","url":"https:\/\/www.airstayprague.com\/produkt\/snidane-v-lednici-pri-prijezdu\/","name":"Sn\u00eddan\u011b v lednici p\u0159i p\u0159\u00edjezdu - Airstay Prague","isPartOf":{"@id":"https:\/\/www.airstayprague.com\/#website"},"primaryImageOfPage":{"@id":"https:\/\/www.airstayprague.com\/produkt\/snidane-v-lednici-pri-prijezdu\/#primaryimage"},"image":{"@id":"https:\/\/www.airstayprague.com\/produkt\/snidane-v-lednici-pri-prijezdu\/#primaryimage"},"thumbnailUrl":"https:\/\/www.airstayprague.com\/wp-content\/uploads\/2023\/07\/037b610c-f299-4ba1-b280-d58223daf086.jpg","datePublished":"2023-07-18T13:56:20+00:00","dateModified":"2024-11-11T12:22:53+00:00","breadcrumb":{"@id":"https:\/\/www.airstayprague.com\/produkt\/snidane-v-lednici-pri-prijezdu\/#breadcrumb"},"inLanguage":"en-GB","potentialAction":[{"@type":"ReadAction","target":["https:\/\/www.airstayprague.com\/produkt\/snidane-v-lednici-pri-prijezdu\/"]}]},{"@type":"ImageObject","inLanguage":"en-GB","@id":"https:\/\/www.airstayprague.com\/produkt\/snidane-v-lednici-pri-prijezdu\/#primaryimage","url":"https:\/\/www.airstayprague.com\/wp-content\/uploads\/2023\/07\/037b610c-f299-4ba1-b280-d58223daf086.jpg","contentUrl":"https:\/\/www.airstayprague.com\/wp-content\/uploads\/2023\/07\/037b610c-f299-4ba1-b280-d58223daf086.jpg","width":2560,"height":1707},{"@type":"BreadcrumbList","@id":"https:\/\/www.airstayprague.com\/produkt\/snidane-v-lednici-pri-prijezdu\/#breadcrumb","itemListElement":[{"@type":"ListItem","position":1,"name":"Dom\u016f","item":"https:\/\/www.airstayprague.com\/"},{"@type":"ListItem","position":2,"name":"Obchod","item":"https:\/\/www.airstayprague.com\/cs\/obchod\/"},{"@type":"ListItem","position":3,"name":"Sn\u00eddan\u011b v lednici p\u0159i p\u0159\u00edjezdu &#8211;"}]},{"@type":"WebSite","@id":"https:\/\/www.airstayprague.com\/#website","url":"https:\/\/www.airstayprague.com\/","name":"Airstay Prague","description":"Airstay Prague","publisher":{"@id":"https:\/\/www.airstayprague.com\/#organization"},"potentialAction":[{"@type":"SearchAction","target":{"@type":"EntryPoint","urlTemplate":"https:\/\/www.airstayprague.com\/?s={search_term_string}"},"query-input":{"@type":"PropertyValueSpecification","valueRequired":true,"valueName":"search_term_string"}}],"inLanguage":"en-GB"},{"@type":"Organization","@id":"https:\/\/www.airstayprague.com\/#organization","name":"Airstay Prague s.r.o.","url":"https:\/\/www.airstayprague.com\/","logo":{"@type":"ImageObject","inLanguage":"en-GB","@id":"https:\/\/www.airstayprague.com\/#\/schema\/logo\/image\/","url":"https:\/\/www.airstayprague.com\/wp-content\/uploads\/2023\/04\/original_5063651b-20aa-45ba-8046-b2b087c9a64c-e1689065705302.png","contentUrl":"https:\/\/www.airstayprague.com\/wp-content\/uploads\/2023\/04\/original_5063651b-20aa-45ba-8046-b2b087c9a64c-e1689065705302.png","width":396,"height":416,"caption":"Airstay Prague s.r.o."},"image":{"@id":"https:\/\/www.airstayprague.com\/#\/schema\/logo\/image\/"},"sameAs":["https:\/\/www.facebook.com\/AirstayInc","https:\/\/www.instagram.com\/airstayprague\/"]}]}},"_links":{"self":[{"href":"http:\/\/www.airstayprague.com\/en\/wp-json\/wp\/v2\/product\/1625","targetHints":{"allow":["GET"]}}],"collection":[{"href":"http:\/\/www.airstayprague.com\/en\/wp-json\/wp\/v2\/product"}],"about":[{"href":"http:\/\/www.airstayprague.com\/en\/wp-json\/wp\/v2\/types\/product"}],"wp:featuredmedia":[{"embeddable":true,"href":"http:\/\/www.airstayprague.com\/en\/wp-json\/wp\/v2\/media\/1626"}],"wp:attachment":[{"href":"http:\/\/www.airstayprague.com\/en\/wp-json\/wp\/v2\/media?parent=1625"}],"wp:term":[{"taxonomy":"product_brand","embeddable":true,"href":"http:\/\/www.airstayprague.com\/en\/wp-json\/wp\/v2\/product_brand?post=1625"},{"taxonomy":"product_cat","embeddable":true,"href":"http:\/\/www.airstayprague.com\/en\/wp-json\/wp\/v2\/product_cat?post=1625"},{"taxonomy":"product_tag","embeddable":true,"href":"http:\/\/www.airstayprague.com\/en\/wp-json\/wp\/v2\/product_tag?post=1625"}],"curies":[{"name":"wp","href":"https:\/\/api.w.org\/{rel}","templated":true}]}}