{"id":22,"date":"2023-04-18T15:27:31","date_gmt":"2023-04-18T13:27:31","guid":{"rendered":"https:\/\/airstayprague.com\/?page_id=22"},"modified":"2024-01-05T13:47:13","modified_gmt":"2024-01-05T12:47:13","slug":"kontakt","status":"publish","type":"page","link":"http:\/\/www.airstayprague.com\/en\/kontakt\/","title":{"rendered":"Kontakt"},"content":{"rendered":"<div data-elementor-type=\"wp-page\" data-elementor-id=\"22\" class=\"elementor elementor-22\">\n\t\t\t\t\t\t<section class=\"elementor-section elementor-top-section elementor-element elementor-element-1ff416d elementor-section-boxed elementor-section-height-default elementor-section-height-default\" data-id=\"1ff416d\" data-element_type=\"section\" data-e-type=\"section\" data-settings=\"{&quot;background_background&quot;:&quot;classic&quot;}\">\n\t\t\t\t\t\t<div class=\"elementor-container elementor-column-gap-default\">\n\t\t\t\t\t<div class=\"elementor-column elementor-col-100 elementor-top-column elementor-element elementor-element-85454a6 ph-box\" data-id=\"85454a6\" data-element_type=\"column\" data-e-type=\"column\" data-settings=\"{&quot;background_background&quot;:&quot;classic&quot;}\">\n\t\t\t<div class=\"elementor-widget-wrap elementor-element-populated\">\n\t\t\t\t\r\n\r\n\t\t<div class=\"elementor-element elementor-element-c066eeb elementor-widget elementor-widget-text-editor\" data-id=\"c066eeb\" data-element_type=\"widget\" data-e-type=\"widget\" data-widget_type=\"text-editor.default\">\n\t\t\t\t<div class=\"elementor-widget-container\">\n\t\t\t\t\t\t\t\t\t<span class=\"font-hero\">Important information\n<\/span>\n\n<hr \/>\t\t\t\t\t\t\t\t<\/div>\n\t\t\t\t<\/div>\n\t\t\t\t<div class=\"elementor-element elementor-element-ae7cabd elementor-widget elementor-widget-text-editor\" data-id=\"ae7cabd\" data-element_type=\"widget\" data-e-type=\"widget\" data-widget_type=\"text-editor.default\">\n\t\t\t\t<div class=\"elementor-widget-container\">\n\t\t\t\t\t\t\t\t\t<p><strong>CONTACT INFORMATION<\/strong> :<br \/>Airstay Prague s.r.o. Charv\u00e1tova 3, Praha 1, 110 00<br \/>I\u010do: 06590888, DI\u010c CZ 06590888<br \/>Oran\u017eov\u00fd zvonek<\/p><p>Hotline <a href=\"callto:602267297\" target=\"_blank\" rel=\"noopener\">602267297<\/a><br \/>Info email: <a href=\"mailto:info@airstayprague.cz\" target=\"_blank\" rel=\"noopener\">info@airstayprague.cz<\/a><br \/>Managing Director <a href=\"mailto:tereza@airstayprague.cz\" target=\"_blank\" rel=\"noopener\">tereza@airstayprague.cz<\/a><\/p><p><strong>How to Find Us<\/strong>: We are located at Charv\u00e1tova Street 3, Prague 1, with the nearest metro stations being N\u00e1rodn\u00ed t\u0159\u00edda and M\u016fstek, and the closest tram stops being N\u00e1rodn\u00ed t\u0159\u00edda, Lazarsk\u00e1, and V\u00e1clavsk\u00e9 n\u00e1m\u011bst\u00ed.<\/p><p><strong>Billing Inquiries<\/strong>: For any billing-related questions, please contact us at airstay@airstayprague.cz. <a href=\"mailto:airstay@airstayprague.cz\" target=\"_blank\" rel=\"noopener\">airstay@airstayprague.cz<\/a><\/p><p><strong>Coronavirus Info<\/strong> : We follow the current government decrees and measures as accurately as possible. You can always find up-to-date information at www.vlada.cz. <a href=\"http:\/\/www.vl\u00e1da.cz\" target=\"_blank\" rel=\"noopener\">www.vl\u00e1da.cz<\/a><\/p><p>In addition, rest assured that we have implemented our internal rules and measures, such as the use of protective equipment, regular disinfection, and ventilation of spaces, laundry and bedding washed at 90 degrees, all units equipped with disinfectant and antibacterial soap. We prioritize cleanliness and disinfection, and all members of our team are either vaccinated or regularly tested. We believe you will appreciate our efforts and feel truly safe with us. In case of any questions or uncertainties, please do not hesitate to contact us at any time. We are here for you, and we are all in this together.<\/p><p>\u00a0<\/p><p><span style=\"font-weight: 400;\">If you have any further questions or are interested in media collaborations, such as renting our apartment for filming and photography, do not hesitate to contact us at info@airstayprague.cz or leave us a message below. We will get back to you.\" <\/span><span style=\"font-weight: 400;\">info@airstayprague.cz<\/span><span style=\"font-weight: 400;\">. P\u0159\u00edpadn\u011b n\u00e1m nechte zpr\u00e1vu ve formul\u00e1\u0159i n\u00ed\u017ee. My se v\u00e1m, co nejd\u0159\u00edve ozveme.<\/span><\/p>\t\t\t\t\t\t\t\t<\/div>\n\t\t\t\t<\/div>\n\t\t\t\t\t<\/div>\n\t\t<\/div>\n\t\t\t\t\t<\/div>\n\t\t<\/section>\n\t\t\t\t<section class=\"elementor-section elementor-top-section elementor-element elementor-element-fed7bc2 elementor-section-boxed elementor-section-height-default elementor-section-height-default\" data-id=\"fed7bc2\" data-element_type=\"section\" data-e-type=\"section\">\n\t\t\t\t\t\t<div class=\"elementor-container elementor-column-gap-default\">\n\t\t\t\t\t<div class=\"elementor-column elementor-col-100 elementor-top-column elementor-element elementor-element-8dde5ab\" data-id=\"8dde5ab\" data-element_type=\"column\" data-e-type=\"column\">\n\t\t\t<div class=\"elementor-widget-wrap elementor-element-populated\">\n\t\t\t\t\t\t<div class=\"elementor-element elementor-element-6413162 elementor-widget elementor-widget-heading\" data-id=\"6413162\" data-element_type=\"widget\" data-e-type=\"widget\" data-widget_type=\"heading.default\">\n\t\t\t\t<div class=\"elementor-widget-container\">\n\t\t\t\t\t<h2 class=\"elementor-heading-title elementor-size-default\"><br>Do you have something on your mind?<\/h2>\t\t\t\t<\/div>\n\t\t\t\t<\/div>\n\t\t\t\t\t<\/div>\n\t\t<\/div>\n\t\t\t\t\t<\/div>\n\t\t<\/section>\n\t\t\t\t<section class=\"elementor-section elementor-top-section elementor-element elementor-element-36e9359 elementor-section-boxed elementor-section-height-default elementor-section-height-default\" data-id=\"36e9359\" data-element_type=\"section\" data-e-type=\"section\">\n\t\t\t\t\t\t<div class=\"elementor-container elementor-column-gap-default\">\n\t\t\t\t\t<div class=\"elementor-column elementor-col-100 elementor-top-column elementor-element elementor-element-6a1c877\" data-id=\"6a1c877\" data-element_type=\"column\" data-e-type=\"column\">\n\t\t\t<div class=\"elementor-widget-wrap elementor-element-populated\">\n\t\t\t\t\t\t<div class=\"elementor-element elementor-element-36fec0d elementor-widget elementor-widget-heading\" data-id=\"36fec0d\" data-element_type=\"widget\" data-e-type=\"widget\" data-widget_type=\"heading.default\">\n\t\t\t\t<div class=\"elementor-widget-container\">\n\t\t\t\t\t<h4 class=\"elementor-heading-title elementor-size-default\">Leave us your contact details and we will get back to you as soon as possible!<\/h4>\t\t\t\t<\/div>\n\t\t\t\t<\/div>\n\t\t\t\t\t<\/div>\n\t\t<\/div>\n\t\t\t\t\t<\/div>\n\t\t<\/section>\n\t\t\t\t<section class=\"elementor-section elementor-top-section elementor-element elementor-element-6aea0a0 elementor-section-boxed elementor-section-height-default elementor-section-height-default\" data-id=\"6aea0a0\" data-element_type=\"section\" data-e-type=\"section\">\n\t\t\t\t\t\t<div class=\"elementor-container elementor-column-gap-default\">\n\t\t\t\t\t<div class=\"elementor-column elementor-col-100 elementor-top-column elementor-element elementor-element-433b69e\" data-id=\"433b69e\" data-element_type=\"column\" data-e-type=\"column\">\n\t\t\t<div class=\"elementor-widget-wrap elementor-element-populated\">\n\t\t\t\t\t\t<div class=\"elementor-element elementor-element-54b9b3e elementor-widget elementor-widget-html\" data-id=\"54b9b3e\" data-element_type=\"widget\" data-e-type=\"widget\" data-widget_type=\"html.default\">\n\t\t\t\t<div class=\"elementor-widget-container\">\n\t\t\t\t\t\n<div class=\"wpcf7 no-js\" id=\"wpcf7-f2089-o1\" lang=\"cs-CZ\" dir=\"ltr\" data-wpcf7-id=\"2089\">\n<div class=\"screen-reader-response\"><p role=\"status\" aria-live=\"polite\" aria-atomic=\"true\"><\/p> <ul><\/ul><\/div>\n<form action=\"\/en\/wp-json\/wp\/v2\/pages\/22#wpcf7-f2089-o1\" method=\"post\" class=\"wpcf7-form init\" aria-label=\"Kontaktn\u00ed formul\u00e1\u0159\" enctype=\"multipart\/form-data\" novalidate=\"novalidate\" data-status=\"init\" data-trp-original-action=\"\/en\/wp-json\/wp\/v2\/pages\/22#wpcf7-f2089-o1\">\n<fieldset class=\"hidden-fields-container\"><input type=\"hidden\" name=\"_wpcf7\" value=\"2089\" \/><input type=\"hidden\" name=\"_wpcf7_version\" value=\"6.1.5\" \/><input type=\"hidden\" name=\"_wpcf7_locale\" value=\"cs_CZ\" \/><input type=\"hidden\" name=\"_wpcf7_unit_tag\" value=\"wpcf7-f2089-o1\" \/><input type=\"hidden\" name=\"_wpcf7_container_post\" value=\"0\" \/><input type=\"hidden\" name=\"_wpcf7_posted_data_hash\" value=\"\" \/><input type=\"hidden\" name=\"_wpcf7_recaptcha_response\" value=\"\" \/>\n<\/fieldset>\n<p><label> Your name<br \/>\n<span class=\"wpcf7-form-control-wrap\" data-name=\"your-name\"><input size=\"40\" maxlength=\"400\" class=\"wpcf7-form-control wpcf7-text wpcf7-validates-as-required\" autocomplete=\"name\" aria-required=\"true\" aria-invalid=\"false\" value=\"\" type=\"text\" name=\"your-name\" \/><\/span> <\/label>\n<\/p>\n<p><label> Your e-mail<br \/>\n<span class=\"wpcf7-form-control-wrap\" data-name=\"your-email\"><input size=\"40\" maxlength=\"400\" class=\"wpcf7-form-control wpcf7-email wpcf7-validates-as-required wpcf7-text wpcf7-validates-as-email\" autocomplete=\"email\" aria-required=\"true\" aria-invalid=\"false\" value=\"\" type=\"email\" name=\"your-email\" \/><\/span> <\/label>\n<\/p>\n<p><label> Subject<br \/>\n<span class=\"wpcf7-form-control-wrap\" data-name=\"your-subject\"><input size=\"40\" maxlength=\"400\" class=\"wpcf7-form-control wpcf7-text wpcf7-validates-as-required\" aria-required=\"true\" aria-invalid=\"false\" value=\"\" type=\"text\" name=\"your-subject\" \/><\/span> <\/label>\n<\/p>\n<p><label> Your message (optional)<br \/>\n<span class=\"wpcf7-form-control-wrap\" data-name=\"your-message\"><textarea cols=\"40\" rows=\"10\" maxlength=\"2000\" class=\"wpcf7-form-control wpcf7-textarea\" aria-invalid=\"false\" name=\"your-message\"><\/textarea><\/span> <\/label>\n<\/p>\n<p><label> Soubor (voliteln\u00fd)<br \/>\n<span class=\"wpcf7-form-control-wrap\" data-name=\"file-899\"><input size=\"40\" class=\"wpcf7-form-control wpcf7-file\" accept=\"image\/*,.txt,application\/pdf\" aria-invalid=\"false\" type=\"file\" name=\"file-899\" \/><\/span> <\/label>\n<\/p>\n<p><input class=\"wpcf7-form-control wpcf7-submit has-spinner\" type=\"submit\" value=\"Send\" \/>\n<\/p><input type=\"hidden\" id=\"ct_checkjs_cf7_c4ca4238a0b923820dcc509a6f75849b\" name=\"ct_checkjs_cf7\" value=\"0\" \/><script >setTimeout(function(){var ct_input_name = \"ct_checkjs_cf7_c4ca4238a0b923820dcc509a6f75849b\";if (document.getElementById(ct_input_name) !== null) {var ct_input_value = document.getElementById(ct_input_name).value;document.getElementById(ct_input_name).value = document.getElementById(ct_input_name).value.replace(ct_input_value, 'b857321a91cccc57891d2141e8db53a4908c7faf601bbbb97b5ece8e58068ad4');}}, 1000);<\/script><input\n                    class=\"apbct_special_field apbct_email_id__wp_contact_form_7\"\n                    name=\"apbct__email_id__wp_contact_form_7\"\n                    aria-label=\"apbct__label_id__wp_contact_form_7\"\n                    type=\"text\" size=\"30\" maxlength=\"200\" autocomplete=\"off\"\n                    value=\"\"\n                \/><p style=\"display: none !important;\" class=\"akismet-fields-container\" data-prefix=\"_wpcf7_ak_\"><label>&#916;<textarea name=\"_wpcf7_ak_hp_textarea\" cols=\"45\" rows=\"8\" maxlength=\"100\"><\/textarea><\/label><input type=\"hidden\" id=\"ak_js_1\" name=\"_wpcf7_ak_js\" value=\"142\"\/><script>document.getElementById( \"ak_js_1\" ).setAttribute( \"value\", ( new Date() ).getTime() );<\/script><\/p><div class=\"wpcf7-response-output\" aria-hidden=\"true\"><\/div>\n<input\n                    class=\"apbct_special_field apbct_email_id__elementor_form\"\n                    name=\"apbct__email_id__elementor_form\"\n                    aria-label=\"apbct__label_id__elementor_form\"\n                    type=\"text\" size=\"30\" maxlength=\"200\" autocomplete=\"off\"\n                    value=\"\"\n                \/><input type=\"hidden\" name=\"trp-form-language\" value=\"en\"\/><\/form>\n<\/div>\n\t\t\t\t<\/div>\n\t\t\t\t<\/div>\n\t\t\t\t\t<\/div>\n\t\t<\/div>\n\t\t\t\t\t<\/div>\n\t\t<\/section>\n\t\t\t\t<\/div>","protected":false},"excerpt":{"rendered":"<p>D\u016fle\u017eit\u00e9 informace Kontaktn\u00ed informace :Airstay Prague s.r.o. Charv\u00e1tova 3, Praha 1, 110 00I\u010do: 06590888, DI\u010c CZ 06590888Oran\u017eov\u00fd zvonek Infolinka: 602267297Info email: info@airstayprague.czTereza Ry\u0161av\u00e1, jednatelka : tereza@airstayprague.cz Jak n\u00e1s najdete: Nach\u00e1z\u00edme se v Charv\u00e1tov\u011b ulici 3, Praha 1 nejbli\u017e\u0161\u00ed stanice metra jsou N\u00e1rodn\u00ed t\u0159\u00edda a M\u016fstek, nejbli\u017e\u0161\u00ed zast\u00e1vka tramvaje N\u00e1rodn\u00ed t\u0159\u00edda, Lazarsk\u00e1 \u010di V\u00e1clavsk\u00e9 n\u00e1m\u011bst\u00ed Fakturace: [&hellip;]<\/p>\n","protected":false},"author":1,"featured_media":0,"parent":0,"menu_order":0,"comment_status":"closed","ping_status":"closed","template":"","meta":{"_acf_changed":false,"footnotes":""},"class_list":["post-22","page","type-page","status-publish","hentry"],"acf":[],"yoast_head":"<!-- This site is optimized with the Yoast SEO plugin v27.3 - https:\/\/yoast.com\/product\/yoast-seo-wordpress\/ -->\n<title>Kontakt - Airstay Prague<\/title>\n<meta name=\"robots\" content=\"index, follow, max-snippet:-1, max-image-preview:large, max-video-preview:-1\" \/>\n<link rel=\"canonical\" href=\"http:\/\/www.airstayprague.com\/en\/kontakt\/\" \/>\n<meta property=\"og:locale\" content=\"en_GB\" \/>\n<meta property=\"og:type\" content=\"article\" \/>\n<meta property=\"og:title\" content=\"Kontakt - Airstay Prague\" \/>\n<meta property=\"og:description\" content=\"D\u016fle\u017eit\u00e9 informace Kontaktn\u00ed informace :Airstay Prague s.r.o. Charv\u00e1tova 3, Praha 1, 110 00I\u010do: 06590888, DI\u010c CZ 06590888Oran\u017eov\u00fd zvonek Infolinka: 602267297Info email: info@airstayprague.czTereza Ry\u0161av\u00e1, jednatelka : tereza@airstayprague.cz Jak n\u00e1s najdete: Nach\u00e1z\u00edme se v Charv\u00e1tov\u011b ulici 3, Praha 1 nejbli\u017e\u0161\u00ed stanice metra jsou N\u00e1rodn\u00ed t\u0159\u00edda a M\u016fstek, nejbli\u017e\u0161\u00ed zast\u00e1vka tramvaje N\u00e1rodn\u00ed t\u0159\u00edda, Lazarsk\u00e1 \u010di V\u00e1clavsk\u00e9 n\u00e1m\u011bst\u00ed Fakturace: [&hellip;]\" \/>\n<meta property=\"og:url\" content=\"http:\/\/www.airstayprague.com\/en\/kontakt\/\" \/>\n<meta property=\"og:site_name\" content=\"Airstay Prague\" \/>\n<meta property=\"article:publisher\" content=\"https:\/\/www.facebook.com\/AirstayInc\" \/>\n<meta property=\"article:modified_time\" content=\"2024-01-05T12:47:13+00:00\" \/>\n<meta name=\"twitter:card\" content=\"summary_large_image\" \/>\n<meta name=\"twitter:label1\" content=\"Estimated reading time\" \/>\n\t<meta name=\"twitter:data1\" content=\"2 minutes\" \/>\n<script type=\"application\/ld+json\" class=\"yoast-schema-graph\">{\"@context\":\"https:\\\/\\\/schema.org\",\"@graph\":[{\"@type\":\"WebPage\",\"@id\":\"http:\\\/\\\/www.airstayprague.com\\\/cs\\\/kontakt\\\/\",\"url\":\"http:\\\/\\\/www.airstayprague.com\\\/cs\\\/kontakt\\\/\",\"name\":\"Kontakt - Airstay Prague\",\"isPartOf\":{\"@id\":\"https:\\\/\\\/www.airstayprague.com\\\/#website\"},\"datePublished\":\"2023-04-18T13:27:31+00:00\",\"dateModified\":\"2024-01-05T12:47:13+00:00\",\"breadcrumb\":{\"@id\":\"http:\\\/\\\/www.airstayprague.com\\\/cs\\\/kontakt\\\/#breadcrumb\"},\"inLanguage\":\"en-GB\",\"potentialAction\":[{\"@type\":\"ReadAction\",\"target\":[\"http:\\\/\\\/www.airstayprague.com\\\/cs\\\/kontakt\\\/\"]}]},{\"@type\":\"BreadcrumbList\",\"@id\":\"http:\\\/\\\/www.airstayprague.com\\\/cs\\\/kontakt\\\/#breadcrumb\",\"itemListElement\":[{\"@type\":\"ListItem\",\"position\":1,\"name\":\"Dom\u016f\",\"item\":\"https:\\\/\\\/www.airstayprague.com\\\/\"},{\"@type\":\"ListItem\",\"position\":2,\"name\":\"Kontakt\"}]},{\"@type\":\"WebSite\",\"@id\":\"https:\\\/\\\/www.airstayprague.com\\\/#website\",\"url\":\"https:\\\/\\\/www.airstayprague.com\\\/\",\"name\":\"Airstay Prague\",\"description\":\"Airstay Prague\",\"publisher\":{\"@id\":\"https:\\\/\\\/www.airstayprague.com\\\/#organization\"},\"potentialAction\":[{\"@type\":\"SearchAction\",\"target\":{\"@type\":\"EntryPoint\",\"urlTemplate\":\"https:\\\/\\\/www.airstayprague.com\\\/?s={search_term_string}\"},\"query-input\":{\"@type\":\"PropertyValueSpecification\",\"valueRequired\":true,\"valueName\":\"search_term_string\"}}],\"inLanguage\":\"en-GB\"},{\"@type\":\"Organization\",\"@id\":\"https:\\\/\\\/www.airstayprague.com\\\/#organization\",\"name\":\"Airstay Prague s.r.o.\",\"url\":\"https:\\\/\\\/www.airstayprague.com\\\/\",\"logo\":{\"@type\":\"ImageObject\",\"inLanguage\":\"en-GB\",\"@id\":\"https:\\\/\\\/www.airstayprague.com\\\/#\\\/schema\\\/logo\\\/image\\\/\",\"url\":\"https:\\\/\\\/www.airstayprague.com\\\/wp-content\\\/uploads\\\/2023\\\/04\\\/original_5063651b-20aa-45ba-8046-b2b087c9a64c-e1689065705302.png\",\"contentUrl\":\"https:\\\/\\\/www.airstayprague.com\\\/wp-content\\\/uploads\\\/2023\\\/04\\\/original_5063651b-20aa-45ba-8046-b2b087c9a64c-e1689065705302.png\",\"width\":396,\"height\":416,\"caption\":\"Airstay Prague s.r.o.\"},\"image\":{\"@id\":\"https:\\\/\\\/www.airstayprague.com\\\/#\\\/schema\\\/logo\\\/image\\\/\"},\"sameAs\":[\"https:\\\/\\\/www.facebook.com\\\/AirstayInc\",\"https:\\\/\\\/www.instagram.com\\\/airstayprague\\\/\"]}]}<\/script>\n<!-- \/ Yoast SEO plugin. -->","yoast_head_json":{"title":"Kontakt - Airstay Prague","robots":{"index":"index","follow":"follow","max-snippet":"max-snippet:-1","max-image-preview":"max-image-preview:large","max-video-preview":"max-video-preview:-1"},"canonical":"http:\/\/www.airstayprague.com\/en\/kontakt\/","og_locale":"en_GB","og_type":"article","og_title":"Kontakt - Airstay Prague","og_description":"D\u016fle\u017eit\u00e9 informace Kontaktn\u00ed informace :Airstay Prague s.r.o. Charv\u00e1tova 3, Praha 1, 110 00I\u010do: 06590888, DI\u010c CZ 06590888Oran\u017eov\u00fd zvonek Infolinka: 602267297Info email: info@airstayprague.czTereza Ry\u0161av\u00e1, jednatelka : tereza@airstayprague.cz Jak n\u00e1s najdete: Nach\u00e1z\u00edme se v Charv\u00e1tov\u011b ulici 3, Praha 1 nejbli\u017e\u0161\u00ed stanice metra jsou N\u00e1rodn\u00ed t\u0159\u00edda a M\u016fstek, nejbli\u017e\u0161\u00ed zast\u00e1vka tramvaje N\u00e1rodn\u00ed t\u0159\u00edda, Lazarsk\u00e1 \u010di V\u00e1clavsk\u00e9 n\u00e1m\u011bst\u00ed Fakturace: [&hellip;]","og_url":"http:\/\/www.airstayprague.com\/en\/kontakt\/","og_site_name":"Airstay Prague","article_publisher":"https:\/\/www.facebook.com\/AirstayInc","article_modified_time":"2024-01-05T12:47:13+00:00","twitter_card":"summary_large_image","twitter_misc":{"Estimated reading time":"2 minutes"},"schema":{"@context":"https:\/\/schema.org","@graph":[{"@type":"WebPage","@id":"http:\/\/www.airstayprague.com\/cs\/kontakt\/","url":"http:\/\/www.airstayprague.com\/cs\/kontakt\/","name":"Kontakt - Airstay Prague","isPartOf":{"@id":"https:\/\/www.airstayprague.com\/#website"},"datePublished":"2023-04-18T13:27:31+00:00","dateModified":"2024-01-05T12:47:13+00:00","breadcrumb":{"@id":"http:\/\/www.airstayprague.com\/cs\/kontakt\/#breadcrumb"},"inLanguage":"en-GB","potentialAction":[{"@type":"ReadAction","target":["http:\/\/www.airstayprague.com\/cs\/kontakt\/"]}]},{"@type":"BreadcrumbList","@id":"http:\/\/www.airstayprague.com\/cs\/kontakt\/#breadcrumb","itemListElement":[{"@type":"ListItem","position":1,"name":"Dom\u016f","item":"https:\/\/www.airstayprague.com\/"},{"@type":"ListItem","position":2,"name":"Kontakt"}]},{"@type":"WebSite","@id":"https:\/\/www.airstayprague.com\/#website","url":"https:\/\/www.airstayprague.com\/","name":"Airstay Prague","description":"Airstay Prague","publisher":{"@id":"https:\/\/www.airstayprague.com\/#organization"},"potentialAction":[{"@type":"SearchAction","target":{"@type":"EntryPoint","urlTemplate":"https:\/\/www.airstayprague.com\/?s={search_term_string}"},"query-input":{"@type":"PropertyValueSpecification","valueRequired":true,"valueName":"search_term_string"}}],"inLanguage":"en-GB"},{"@type":"Organization","@id":"https:\/\/www.airstayprague.com\/#organization","name":"Airstay Prague s.r.o.","url":"https:\/\/www.airstayprague.com\/","logo":{"@type":"ImageObject","inLanguage":"en-GB","@id":"https:\/\/www.airstayprague.com\/#\/schema\/logo\/image\/","url":"https:\/\/www.airstayprague.com\/wp-content\/uploads\/2023\/04\/original_5063651b-20aa-45ba-8046-b2b087c9a64c-e1689065705302.png","contentUrl":"https:\/\/www.airstayprague.com\/wp-content\/uploads\/2023\/04\/original_5063651b-20aa-45ba-8046-b2b087c9a64c-e1689065705302.png","width":396,"height":416,"caption":"Airstay Prague s.r.o."},"image":{"@id":"https:\/\/www.airstayprague.com\/#\/schema\/logo\/image\/"},"sameAs":["https:\/\/www.facebook.com\/AirstayInc","https:\/\/www.instagram.com\/airstayprague\/"]}]}},"_links":{"self":[{"href":"http:\/\/www.airstayprague.com\/en\/wp-json\/wp\/v2\/pages\/22","targetHints":{"allow":["GET"]}}],"collection":[{"href":"http:\/\/www.airstayprague.com\/en\/wp-json\/wp\/v2\/pages"}],"about":[{"href":"http:\/\/www.airstayprague.com\/en\/wp-json\/wp\/v2\/types\/page"}],"author":[{"embeddable":true,"href":"http:\/\/www.airstayprague.com\/en\/wp-json\/wp\/v2\/users\/1"}],"replies":[{"embeddable":true,"href":"http:\/\/www.airstayprague.com\/en\/wp-json\/wp\/v2\/comments?post=22"}],"version-history":[{"count":18,"href":"http:\/\/www.airstayprague.com\/en\/wp-json\/wp\/v2\/pages\/22\/revisions"}],"predecessor-version":[{"id":2233,"href":"http:\/\/www.airstayprague.com\/en\/wp-json\/wp\/v2\/pages\/22\/revisions\/2233"}],"wp:attachment":[{"href":"http:\/\/www.airstayprague.com\/en\/wp-json\/wp\/v2\/media?parent=22"}],"curies":[{"name":"wp","href":"https:\/\/api.w.org\/{rel}","templated":true}]}}