{"id":2609,"date":"2024-11-11T13:56:44","date_gmt":"2024-11-11T12:56:44","guid":{"rendered":"https:\/\/www.airstayprague.com\/?post_type=product&#038;p=2609"},"modified":"2024-11-12T14:41:39","modified_gmt":"2024-11-12T13:41:39","slug":"narozeninova-dekorace","status":"publish","type":"product","link":"http:\/\/www.airstayprague.com\/cs\/produkt\/narozeninova-dekorace\/","title":{"rendered":"Narozeninov\u00e1 dekorace"},"content":{"rendered":"<p>P\u0159ekvapte sv\u00e9 bl\u00edzk\u00e9 narozeninovou v\u00fdzdobou p\u0159i p\u0159\u00edjezdu. Narozeninov\u00e1 v\u00fdzdoba obsahuje &#8211; sekt, mal\u00fd narozeninov\u00fd dort se sv\u00ed\u010dkami, p\u00e1r balonku a stuhy.<\/p>\n","protected":false},"excerpt":{"rendered":"<p>P\u0159ekvapte sv\u00e9 bl\u00edzk\u00e9 narozeninovou v\u00fdzdobou p\u0159i p\u0159\u00edjezdu. Narozeninov\u00e1 v\u00fdzdoba obsahuje &#8211; sekt, mal\u00fd narozeninov\u00fd dort se sv\u00ed\u010dkami, p\u00e1r balonku a stuhy.<\/p>\n","protected":false},"featured_media":2613,"template":"","meta":{"_acf_changed":false},"product_brand":[],"product_cat":[18],"product_tag":[],"class_list":{"0":"post-2609","1":"product","2":"type-product","3":"status-publish","4":"has-post-thumbnail","6":"product_cat-nezarazene","8":"first","9":"instock","10":"taxable","11":"shipping-taxable","12":"purchasable","13":"product-type-simple"},"acf":[],"yoast_head":"<!-- This site is optimized with the Yoast SEO plugin v27.3 - https:\/\/yoast.com\/product\/yoast-seo-wordpress\/ -->\n<title>Narozeninov\u00e1 dekorace - Airstay Prague<\/title>\n<meta name=\"robots\" content=\"index, follow, max-snippet:-1, max-image-preview:large, max-video-preview:-1\" \/>\n<link rel=\"canonical\" href=\"https:\/\/www.airstayprague.com\/cs\/produkt\/narozeninova-dekorace\/\" \/>\n<meta property=\"og:locale\" content=\"cs_CZ\" \/>\n<meta property=\"og:type\" content=\"article\" \/>\n<meta property=\"og:title\" content=\"Narozeninov\u00e1 dekorace - Airstay Prague\" \/>\n<meta property=\"og:description\" content=\"P\u0159ekvapte sv\u00e9 bl\u00edzk\u00e9 narozeninovou v\u00fdzdobou p\u0159i p\u0159\u00edjezdu. Narozeninov\u00e1 v\u00fdzdoba obsahuje - sekt, mal\u00fd narozeninov\u00fd dort se sv\u00ed\u010dkami, p\u00e1r balonku a stuhy.\" \/>\n<meta property=\"og:url\" content=\"https:\/\/www.airstayprague.com\/cs\/produkt\/narozeninova-dekorace\/\" \/>\n<meta property=\"og:site_name\" content=\"Airstay Prague\" \/>\n<meta property=\"article:publisher\" content=\"https:\/\/www.facebook.com\/AirstayInc\" \/>\n<meta property=\"article:modified_time\" content=\"2024-11-12T13:41:39+00:00\" \/>\n<meta property=\"og:image\" content=\"https:\/\/www.airstayprague.com\/wp-content\/uploads\/2024\/11\/sofiya-levchenko-l6yLVM-FJxc-unsplash-scaled.jpg\" \/>\n\t<meta property=\"og:image:width\" content=\"2199\" \/>\n\t<meta property=\"og:image:height\" content=\"2560\" \/>\n\t<meta property=\"og:image:type\" content=\"image\/jpeg\" \/>\n<meta name=\"twitter:card\" content=\"summary_large_image\" \/>\n<meta name=\"twitter:label1\" content=\"Odhadovan\u00e1 doba \u010dten\u00ed\" \/>\n\t<meta name=\"twitter:data1\" content=\"1 minuta\" \/>\n<script type=\"application\/ld+json\" class=\"yoast-schema-graph\">{\"@context\":\"https:\\\/\\\/schema.org\",\"@graph\":[{\"@type\":\"WebPage\",\"@id\":\"https:\\\/\\\/www.airstayprague.com\\\/produkt\\\/narozeninova-dekorace\\\/\",\"url\":\"https:\\\/\\\/www.airstayprague.com\\\/produkt\\\/narozeninova-dekorace\\\/\",\"name\":\"Narozeninov\u00e1 dekorace - Airstay Prague\",\"isPartOf\":{\"@id\":\"https:\\\/\\\/www.airstayprague.com\\\/#website\"},\"primaryImageOfPage\":{\"@id\":\"https:\\\/\\\/www.airstayprague.com\\\/produkt\\\/narozeninova-dekorace\\\/#primaryimage\"},\"image\":{\"@id\":\"https:\\\/\\\/www.airstayprague.com\\\/produkt\\\/narozeninova-dekorace\\\/#primaryimage\"},\"thumbnailUrl\":\"https:\\\/\\\/www.airstayprague.com\\\/wp-content\\\/uploads\\\/2024\\\/11\\\/sofiya-levchenko-l6yLVM-FJxc-unsplash-scaled.jpg\",\"datePublished\":\"2024-11-11T12:56:44+00:00\",\"dateModified\":\"2024-11-12T13:41:39+00:00\",\"breadcrumb\":{\"@id\":\"https:\\\/\\\/www.airstayprague.com\\\/produkt\\\/narozeninova-dekorace\\\/#breadcrumb\"},\"inLanguage\":\"cs\",\"potentialAction\":[{\"@type\":\"ReadAction\",\"target\":[\"https:\\\/\\\/www.airstayprague.com\\\/produkt\\\/narozeninova-dekorace\\\/\"]}]},{\"@type\":\"ImageObject\",\"inLanguage\":\"cs\",\"@id\":\"https:\\\/\\\/www.airstayprague.com\\\/produkt\\\/narozeninova-dekorace\\\/#primaryimage\",\"url\":\"https:\\\/\\\/www.airstayprague.com\\\/wp-content\\\/uploads\\\/2024\\\/11\\\/sofiya-levchenko-l6yLVM-FJxc-unsplash-scaled.jpg\",\"contentUrl\":\"https:\\\/\\\/www.airstayprague.com\\\/wp-content\\\/uploads\\\/2024\\\/11\\\/sofiya-levchenko-l6yLVM-FJxc-unsplash-scaled.jpg\",\"width\":2199,\"height\":2560},{\"@type\":\"BreadcrumbList\",\"@id\":\"https:\\\/\\\/www.airstayprague.com\\\/produkt\\\/narozeninova-dekorace\\\/#breadcrumb\",\"itemListElement\":[{\"@type\":\"ListItem\",\"position\":1,\"name\":\"Dom\u016f\",\"item\":\"https:\\\/\\\/www.airstayprague.com\\\/\"},{\"@type\":\"ListItem\",\"position\":2,\"name\":\"Obchod\",\"item\":\"https:\\\/\\\/www.airstayprague.com\\\/cs\\\/obchod\\\/\"},{\"@type\":\"ListItem\",\"position\":3,\"name\":\"Narozeninov\u00e1 dekorace\"}]},{\"@type\":\"WebSite\",\"@id\":\"https:\\\/\\\/www.airstayprague.com\\\/#website\",\"url\":\"https:\\\/\\\/www.airstayprague.com\\\/\",\"name\":\"Airstay Prague\",\"description\":\"Airstay Prague\",\"publisher\":{\"@id\":\"https:\\\/\\\/www.airstayprague.com\\\/#organization\"},\"potentialAction\":[{\"@type\":\"SearchAction\",\"target\":{\"@type\":\"EntryPoint\",\"urlTemplate\":\"https:\\\/\\\/www.airstayprague.com\\\/?s={search_term_string}\"},\"query-input\":{\"@type\":\"PropertyValueSpecification\",\"valueRequired\":true,\"valueName\":\"search_term_string\"}}],\"inLanguage\":\"cs\"},{\"@type\":\"Organization\",\"@id\":\"https:\\\/\\\/www.airstayprague.com\\\/#organization\",\"name\":\"Airstay Prague s.r.o.\",\"url\":\"https:\\\/\\\/www.airstayprague.com\\\/\",\"logo\":{\"@type\":\"ImageObject\",\"inLanguage\":\"cs\",\"@id\":\"https:\\\/\\\/www.airstayprague.com\\\/#\\\/schema\\\/logo\\\/image\\\/\",\"url\":\"https:\\\/\\\/www.airstayprague.com\\\/wp-content\\\/uploads\\\/2023\\\/04\\\/original_5063651b-20aa-45ba-8046-b2b087c9a64c-e1689065705302.png\",\"contentUrl\":\"https:\\\/\\\/www.airstayprague.com\\\/wp-content\\\/uploads\\\/2023\\\/04\\\/original_5063651b-20aa-45ba-8046-b2b087c9a64c-e1689065705302.png\",\"width\":396,\"height\":416,\"caption\":\"Airstay Prague s.r.o.\"},\"image\":{\"@id\":\"https:\\\/\\\/www.airstayprague.com\\\/#\\\/schema\\\/logo\\\/image\\\/\"},\"sameAs\":[\"https:\\\/\\\/www.facebook.com\\\/AirstayInc\",\"https:\\\/\\\/www.instagram.com\\\/airstayprague\\\/\"]}]}<\/script>\n<!-- \/ Yoast SEO plugin. -->","yoast_head_json":{"title":"Narozeninov\u00e1 dekorace - Airstay Prague","robots":{"index":"index","follow":"follow","max-snippet":"max-snippet:-1","max-image-preview":"max-image-preview:large","max-video-preview":"max-video-preview:-1"},"canonical":"https:\/\/www.airstayprague.com\/cs\/produkt\/narozeninova-dekorace\/","og_locale":"cs_CZ","og_type":"article","og_title":"Narozeninov\u00e1 dekorace - Airstay Prague","og_description":"P\u0159ekvapte sv\u00e9 bl\u00edzk\u00e9 narozeninovou v\u00fdzdobou p\u0159i p\u0159\u00edjezdu. Narozeninov\u00e1 v\u00fdzdoba obsahuje - sekt, mal\u00fd narozeninov\u00fd dort se sv\u00ed\u010dkami, p\u00e1r balonku a stuhy.","og_url":"https:\/\/www.airstayprague.com\/cs\/produkt\/narozeninova-dekorace\/","og_site_name":"Airstay Prague","article_publisher":"https:\/\/www.facebook.com\/AirstayInc","article_modified_time":"2024-11-12T13:41:39+00:00","og_image":[{"width":2199,"height":2560,"url":"https:\/\/www.airstayprague.com\/wp-content\/uploads\/2024\/11\/sofiya-levchenko-l6yLVM-FJxc-unsplash-scaled.jpg","type":"image\/jpeg"}],"twitter_card":"summary_large_image","twitter_misc":{"Odhadovan\u00e1 doba \u010dten\u00ed":"1 minuta"},"schema":{"@context":"https:\/\/schema.org","@graph":[{"@type":"WebPage","@id":"https:\/\/www.airstayprague.com\/produkt\/narozeninova-dekorace\/","url":"https:\/\/www.airstayprague.com\/produkt\/narozeninova-dekorace\/","name":"Narozeninov\u00e1 dekorace - Airstay Prague","isPartOf":{"@id":"https:\/\/www.airstayprague.com\/#website"},"primaryImageOfPage":{"@id":"https:\/\/www.airstayprague.com\/produkt\/narozeninova-dekorace\/#primaryimage"},"image":{"@id":"https:\/\/www.airstayprague.com\/produkt\/narozeninova-dekorace\/#primaryimage"},"thumbnailUrl":"https:\/\/www.airstayprague.com\/wp-content\/uploads\/2024\/11\/sofiya-levchenko-l6yLVM-FJxc-unsplash-scaled.jpg","datePublished":"2024-11-11T12:56:44+00:00","dateModified":"2024-11-12T13:41:39+00:00","breadcrumb":{"@id":"https:\/\/www.airstayprague.com\/produkt\/narozeninova-dekorace\/#breadcrumb"},"inLanguage":"cs","potentialAction":[{"@type":"ReadAction","target":["https:\/\/www.airstayprague.com\/produkt\/narozeninova-dekorace\/"]}]},{"@type":"ImageObject","inLanguage":"cs","@id":"https:\/\/www.airstayprague.com\/produkt\/narozeninova-dekorace\/#primaryimage","url":"https:\/\/www.airstayprague.com\/wp-content\/uploads\/2024\/11\/sofiya-levchenko-l6yLVM-FJxc-unsplash-scaled.jpg","contentUrl":"https:\/\/www.airstayprague.com\/wp-content\/uploads\/2024\/11\/sofiya-levchenko-l6yLVM-FJxc-unsplash-scaled.jpg","width":2199,"height":2560},{"@type":"BreadcrumbList","@id":"https:\/\/www.airstayprague.com\/produkt\/narozeninova-dekorace\/#breadcrumb","itemListElement":[{"@type":"ListItem","position":1,"name":"Dom\u016f","item":"https:\/\/www.airstayprague.com\/"},{"@type":"ListItem","position":2,"name":"Obchod","item":"https:\/\/www.airstayprague.com\/cs\/obchod\/"},{"@type":"ListItem","position":3,"name":"Narozeninov\u00e1 dekorace"}]},{"@type":"WebSite","@id":"https:\/\/www.airstayprague.com\/#website","url":"https:\/\/www.airstayprague.com\/","name":"Airstay Prague","description":"Airstay Prague","publisher":{"@id":"https:\/\/www.airstayprague.com\/#organization"},"potentialAction":[{"@type":"SearchAction","target":{"@type":"EntryPoint","urlTemplate":"https:\/\/www.airstayprague.com\/?s={search_term_string}"},"query-input":{"@type":"PropertyValueSpecification","valueRequired":true,"valueName":"search_term_string"}}],"inLanguage":"cs"},{"@type":"Organization","@id":"https:\/\/www.airstayprague.com\/#organization","name":"Airstay Prague s.r.o.","url":"https:\/\/www.airstayprague.com\/","logo":{"@type":"ImageObject","inLanguage":"cs","@id":"https:\/\/www.airstayprague.com\/#\/schema\/logo\/image\/","url":"https:\/\/www.airstayprague.com\/wp-content\/uploads\/2023\/04\/original_5063651b-20aa-45ba-8046-b2b087c9a64c-e1689065705302.png","contentUrl":"https:\/\/www.airstayprague.com\/wp-content\/uploads\/2023\/04\/original_5063651b-20aa-45ba-8046-b2b087c9a64c-e1689065705302.png","width":396,"height":416,"caption":"Airstay Prague s.r.o."},"image":{"@id":"https:\/\/www.airstayprague.com\/#\/schema\/logo\/image\/"},"sameAs":["https:\/\/www.facebook.com\/AirstayInc","https:\/\/www.instagram.com\/airstayprague\/"]}]}},"_links":{"self":[{"href":"http:\/\/www.airstayprague.com\/cs\/wp-json\/wp\/v2\/product\/2609","targetHints":{"allow":["GET"]}}],"collection":[{"href":"http:\/\/www.airstayprague.com\/cs\/wp-json\/wp\/v2\/product"}],"about":[{"href":"http:\/\/www.airstayprague.com\/cs\/wp-json\/wp\/v2\/types\/product"}],"wp:featuredmedia":[{"embeddable":true,"href":"http:\/\/www.airstayprague.com\/cs\/wp-json\/wp\/v2\/media\/2613"}],"wp:attachment":[{"href":"http:\/\/www.airstayprague.com\/cs\/wp-json\/wp\/v2\/media?parent=2609"}],"wp:term":[{"taxonomy":"product_brand","embeddable":true,"href":"http:\/\/www.airstayprague.com\/cs\/wp-json\/wp\/v2\/product_brand?post=2609"},{"taxonomy":"product_cat","embeddable":true,"href":"http:\/\/www.airstayprague.com\/cs\/wp-json\/wp\/v2\/product_cat?post=2609"},{"taxonomy":"product_tag","embeddable":true,"href":"http:\/\/www.airstayprague.com\/cs\/wp-json\/wp\/v2\/product_tag?post=2609"}],"curies":[{"name":"wp","href":"https:\/\/api.w.org\/{rel}","templated":true}]}}