{"id":1633,"date":"2023-07-18T16:00:59","date_gmt":"2023-07-18T14:00:59","guid":{"rendered":"https:\/\/airstayprague.com\/?post_type=product&#038;p=1633"},"modified":"2023-12-14T14:45:45","modified_gmt":"2023-12-14T13:45:45","slug":"jahody-a-sampanske","status":"publish","type":"product","link":"http:\/\/www.airstayprague.com\/cs\/produkt\/jahody-a-sampanske\/","title":{"rendered":"Jahody a \u0161ampa\u0148sk\u00e9"},"content":{"rendered":"<div class=\"col\">\n<div class=\"component-divider mx-auto\"><\/div>\n<\/div>\n<div class=\"row\">\n<div class=\"header-description col\">\n<div class=\"component-text col\">L\u00e1hev Bohemia sektu a \u010derstv\u00e9 jahody (mimo sez\u00f3nu jin\u00e9 ovoce) v lednici p\u0159i p\u0159\u00edjezdu.<\/div>\n<\/div>\n<\/div>\n","protected":false},"excerpt":{"rendered":"<p>L\u00e1hev Bohemia sektu a \u010derstv\u00e9 jahody (mimo sez\u00f3nu jin\u00e9 ovoce) v lednici p\u0159i p\u0159\u00edjezdu.<\/p>\n","protected":false},"featured_media":1634,"template":"","meta":{"_acf_changed":false},"product_brand":[],"product_cat":[18],"product_tag":[],"class_list":{"0":"post-1633","1":"product","2":"type-product","3":"status-publish","4":"has-post-thumbnail","6":"product_cat-nezarazene","8":"first","9":"instock","10":"virtual","11":"taxable","12":"purchasable","13":"product-type-simple"},"acf":[],"yoast_head":"<!-- This site is optimized with the Yoast SEO plugin v27.3 - https:\/\/yoast.com\/product\/yoast-seo-wordpress\/ -->\n<title>Jahody a \u0161ampa\u0148sk\u00e9 - Airstay Prague<\/title>\n<meta name=\"robots\" content=\"index, follow, max-snippet:-1, max-image-preview:large, max-video-preview:-1\" \/>\n<link rel=\"canonical\" href=\"https:\/\/www.airstayprague.com\/cs\/produkt\/jahody-a-sampanske\/\" \/>\n<meta property=\"og:locale\" content=\"cs_CZ\" \/>\n<meta property=\"og:type\" content=\"article\" \/>\n<meta property=\"og:title\" content=\"Jahody a \u0161ampa\u0148sk\u00e9 - Airstay Prague\" \/>\n<meta property=\"og:description\" content=\"L\u00e1hev Bohemia sektu a \u010derstv\u00e9 jahody (mimo sez\u00f3nu jin\u00e9 ovoce) v lednici p\u0159i p\u0159\u00edjezdu.\" \/>\n<meta property=\"og:url\" content=\"https:\/\/www.airstayprague.com\/cs\/produkt\/jahody-a-sampanske\/\" \/>\n<meta property=\"og:site_name\" content=\"Airstay Prague\" \/>\n<meta property=\"article:publisher\" content=\"https:\/\/www.facebook.com\/AirstayInc\" \/>\n<meta property=\"article:modified_time\" content=\"2023-12-14T13:45:45+00:00\" \/>\n<meta property=\"og:image\" content=\"https:\/\/www.airstayprague.com\/wp-content\/uploads\/2023\/07\/a697d2ba-123c-48c9-b661-efc7a2d3c38b.jpg\" \/>\n\t<meta property=\"og:image:width\" content=\"2560\" \/>\n\t<meta property=\"og:image:height\" content=\"1707\" \/>\n\t<meta property=\"og:image:type\" content=\"image\/jpeg\" \/>\n<meta name=\"twitter:card\" content=\"summary_large_image\" \/>\n<meta name=\"twitter:label1\" content=\"Odhadovan\u00e1 doba \u010dten\u00ed\" \/>\n\t<meta name=\"twitter:data1\" content=\"1 minuta\" \/>\n<script type=\"application\/ld+json\" class=\"yoast-schema-graph\">{\"@context\":\"https:\\\/\\\/schema.org\",\"@graph\":[{\"@type\":\"WebPage\",\"@id\":\"https:\\\/\\\/www.airstayprague.com\\\/produkt\\\/jahody-a-sampanske\\\/\",\"url\":\"https:\\\/\\\/www.airstayprague.com\\\/produkt\\\/jahody-a-sampanske\\\/\",\"name\":\"Jahody a \u0161ampa\u0148sk\u00e9 - Airstay Prague\",\"isPartOf\":{\"@id\":\"https:\\\/\\\/www.airstayprague.com\\\/#website\"},\"primaryImageOfPage\":{\"@id\":\"https:\\\/\\\/www.airstayprague.com\\\/produkt\\\/jahody-a-sampanske\\\/#primaryimage\"},\"image\":{\"@id\":\"https:\\\/\\\/www.airstayprague.com\\\/produkt\\\/jahody-a-sampanske\\\/#primaryimage\"},\"thumbnailUrl\":\"https:\\\/\\\/www.airstayprague.com\\\/wp-content\\\/uploads\\\/2023\\\/07\\\/a697d2ba-123c-48c9-b661-efc7a2d3c38b.jpg\",\"datePublished\":\"2023-07-18T14:00:59+00:00\",\"dateModified\":\"2023-12-14T13:45:45+00:00\",\"breadcrumb\":{\"@id\":\"https:\\\/\\\/www.airstayprague.com\\\/produkt\\\/jahody-a-sampanske\\\/#breadcrumb\"},\"inLanguage\":\"cs\",\"potentialAction\":[{\"@type\":\"ReadAction\",\"target\":[\"https:\\\/\\\/www.airstayprague.com\\\/produkt\\\/jahody-a-sampanske\\\/\"]}]},{\"@type\":\"ImageObject\",\"inLanguage\":\"cs\",\"@id\":\"https:\\\/\\\/www.airstayprague.com\\\/produkt\\\/jahody-a-sampanske\\\/#primaryimage\",\"url\":\"https:\\\/\\\/www.airstayprague.com\\\/wp-content\\\/uploads\\\/2023\\\/07\\\/a697d2ba-123c-48c9-b661-efc7a2d3c38b.jpg\",\"contentUrl\":\"https:\\\/\\\/www.airstayprague.com\\\/wp-content\\\/uploads\\\/2023\\\/07\\\/a697d2ba-123c-48c9-b661-efc7a2d3c38b.jpg\",\"width\":2560,\"height\":1707},{\"@type\":\"BreadcrumbList\",\"@id\":\"https:\\\/\\\/www.airstayprague.com\\\/produkt\\\/jahody-a-sampanske\\\/#breadcrumb\",\"itemListElement\":[{\"@type\":\"ListItem\",\"position\":1,\"name\":\"Dom\u016f\",\"item\":\"https:\\\/\\\/www.airstayprague.com\\\/\"},{\"@type\":\"ListItem\",\"position\":2,\"name\":\"Obchod\",\"item\":\"https:\\\/\\\/www.airstayprague.com\\\/cs\\\/obchod\\\/\"},{\"@type\":\"ListItem\",\"position\":3,\"name\":\"Jahody a \u0161ampa\u0148sk\u00e9\"}]},{\"@type\":\"WebSite\",\"@id\":\"https:\\\/\\\/www.airstayprague.com\\\/#website\",\"url\":\"https:\\\/\\\/www.airstayprague.com\\\/\",\"name\":\"Airstay Prague\",\"description\":\"Airstay Prague\",\"publisher\":{\"@id\":\"https:\\\/\\\/www.airstayprague.com\\\/#organization\"},\"potentialAction\":[{\"@type\":\"SearchAction\",\"target\":{\"@type\":\"EntryPoint\",\"urlTemplate\":\"https:\\\/\\\/www.airstayprague.com\\\/?s={search_term_string}\"},\"query-input\":{\"@type\":\"PropertyValueSpecification\",\"valueRequired\":true,\"valueName\":\"search_term_string\"}}],\"inLanguage\":\"cs\"},{\"@type\":\"Organization\",\"@id\":\"https:\\\/\\\/www.airstayprague.com\\\/#organization\",\"name\":\"Airstay Prague s.r.o.\",\"url\":\"https:\\\/\\\/www.airstayprague.com\\\/\",\"logo\":{\"@type\":\"ImageObject\",\"inLanguage\":\"cs\",\"@id\":\"https:\\\/\\\/www.airstayprague.com\\\/#\\\/schema\\\/logo\\\/image\\\/\",\"url\":\"https:\\\/\\\/www.airstayprague.com\\\/wp-content\\\/uploads\\\/2023\\\/04\\\/original_5063651b-20aa-45ba-8046-b2b087c9a64c-e1689065705302.png\",\"contentUrl\":\"https:\\\/\\\/www.airstayprague.com\\\/wp-content\\\/uploads\\\/2023\\\/04\\\/original_5063651b-20aa-45ba-8046-b2b087c9a64c-e1689065705302.png\",\"width\":396,\"height\":416,\"caption\":\"Airstay Prague s.r.o.\"},\"image\":{\"@id\":\"https:\\\/\\\/www.airstayprague.com\\\/#\\\/schema\\\/logo\\\/image\\\/\"},\"sameAs\":[\"https:\\\/\\\/www.facebook.com\\\/AirstayInc\",\"https:\\\/\\\/www.instagram.com\\\/airstayprague\\\/\"]}]}<\/script>\n<!-- \/ Yoast SEO plugin. -->","yoast_head_json":{"title":"Jahody a \u0161ampa\u0148sk\u00e9 - Airstay Prague","robots":{"index":"index","follow":"follow","max-snippet":"max-snippet:-1","max-image-preview":"max-image-preview:large","max-video-preview":"max-video-preview:-1"},"canonical":"https:\/\/www.airstayprague.com\/cs\/produkt\/jahody-a-sampanske\/","og_locale":"cs_CZ","og_type":"article","og_title":"Jahody a \u0161ampa\u0148sk\u00e9 - Airstay Prague","og_description":"L\u00e1hev Bohemia sektu a \u010derstv\u00e9 jahody (mimo sez\u00f3nu jin\u00e9 ovoce) v lednici p\u0159i p\u0159\u00edjezdu.","og_url":"https:\/\/www.airstayprague.com\/cs\/produkt\/jahody-a-sampanske\/","og_site_name":"Airstay Prague","article_publisher":"https:\/\/www.facebook.com\/AirstayInc","article_modified_time":"2023-12-14T13:45:45+00:00","og_image":[{"width":2560,"height":1707,"url":"https:\/\/www.airstayprague.com\/wp-content\/uploads\/2023\/07\/a697d2ba-123c-48c9-b661-efc7a2d3c38b.jpg","type":"image\/jpeg"}],"twitter_card":"summary_large_image","twitter_misc":{"Odhadovan\u00e1 doba \u010dten\u00ed":"1 minuta"},"schema":{"@context":"https:\/\/schema.org","@graph":[{"@type":"WebPage","@id":"https:\/\/www.airstayprague.com\/produkt\/jahody-a-sampanske\/","url":"https:\/\/www.airstayprague.com\/produkt\/jahody-a-sampanske\/","name":"Jahody a \u0161ampa\u0148sk\u00e9 - Airstay Prague","isPartOf":{"@id":"https:\/\/www.airstayprague.com\/#website"},"primaryImageOfPage":{"@id":"https:\/\/www.airstayprague.com\/produkt\/jahody-a-sampanske\/#primaryimage"},"image":{"@id":"https:\/\/www.airstayprague.com\/produkt\/jahody-a-sampanske\/#primaryimage"},"thumbnailUrl":"https:\/\/www.airstayprague.com\/wp-content\/uploads\/2023\/07\/a697d2ba-123c-48c9-b661-efc7a2d3c38b.jpg","datePublished":"2023-07-18T14:00:59+00:00","dateModified":"2023-12-14T13:45:45+00:00","breadcrumb":{"@id":"https:\/\/www.airstayprague.com\/produkt\/jahody-a-sampanske\/#breadcrumb"},"inLanguage":"cs","potentialAction":[{"@type":"ReadAction","target":["https:\/\/www.airstayprague.com\/produkt\/jahody-a-sampanske\/"]}]},{"@type":"ImageObject","inLanguage":"cs","@id":"https:\/\/www.airstayprague.com\/produkt\/jahody-a-sampanske\/#primaryimage","url":"https:\/\/www.airstayprague.com\/wp-content\/uploads\/2023\/07\/a697d2ba-123c-48c9-b661-efc7a2d3c38b.jpg","contentUrl":"https:\/\/www.airstayprague.com\/wp-content\/uploads\/2023\/07\/a697d2ba-123c-48c9-b661-efc7a2d3c38b.jpg","width":2560,"height":1707},{"@type":"BreadcrumbList","@id":"https:\/\/www.airstayprague.com\/produkt\/jahody-a-sampanske\/#breadcrumb","itemListElement":[{"@type":"ListItem","position":1,"name":"Dom\u016f","item":"https:\/\/www.airstayprague.com\/"},{"@type":"ListItem","position":2,"name":"Obchod","item":"https:\/\/www.airstayprague.com\/cs\/obchod\/"},{"@type":"ListItem","position":3,"name":"Jahody a \u0161ampa\u0148sk\u00e9"}]},{"@type":"WebSite","@id":"https:\/\/www.airstayprague.com\/#website","url":"https:\/\/www.airstayprague.com\/","name":"Airstay Prague","description":"Airstay Prague","publisher":{"@id":"https:\/\/www.airstayprague.com\/#organization"},"potentialAction":[{"@type":"SearchAction","target":{"@type":"EntryPoint","urlTemplate":"https:\/\/www.airstayprague.com\/?s={search_term_string}"},"query-input":{"@type":"PropertyValueSpecification","valueRequired":true,"valueName":"search_term_string"}}],"inLanguage":"cs"},{"@type":"Organization","@id":"https:\/\/www.airstayprague.com\/#organization","name":"Airstay Prague s.r.o.","url":"https:\/\/www.airstayprague.com\/","logo":{"@type":"ImageObject","inLanguage":"cs","@id":"https:\/\/www.airstayprague.com\/#\/schema\/logo\/image\/","url":"https:\/\/www.airstayprague.com\/wp-content\/uploads\/2023\/04\/original_5063651b-20aa-45ba-8046-b2b087c9a64c-e1689065705302.png","contentUrl":"https:\/\/www.airstayprague.com\/wp-content\/uploads\/2023\/04\/original_5063651b-20aa-45ba-8046-b2b087c9a64c-e1689065705302.png","width":396,"height":416,"caption":"Airstay Prague s.r.o."},"image":{"@id":"https:\/\/www.airstayprague.com\/#\/schema\/logo\/image\/"},"sameAs":["https:\/\/www.facebook.com\/AirstayInc","https:\/\/www.instagram.com\/airstayprague\/"]}]}},"_links":{"self":[{"href":"http:\/\/www.airstayprague.com\/cs\/wp-json\/wp\/v2\/product\/1633","targetHints":{"allow":["GET"]}}],"collection":[{"href":"http:\/\/www.airstayprague.com\/cs\/wp-json\/wp\/v2\/product"}],"about":[{"href":"http:\/\/www.airstayprague.com\/cs\/wp-json\/wp\/v2\/types\/product"}],"wp:featuredmedia":[{"embeddable":true,"href":"http:\/\/www.airstayprague.com\/cs\/wp-json\/wp\/v2\/media\/1634"}],"wp:attachment":[{"href":"http:\/\/www.airstayprague.com\/cs\/wp-json\/wp\/v2\/media?parent=1633"}],"wp:term":[{"taxonomy":"product_brand","embeddable":true,"href":"http:\/\/www.airstayprague.com\/cs\/wp-json\/wp\/v2\/product_brand?post=1633"},{"taxonomy":"product_cat","embeddable":true,"href":"http:\/\/www.airstayprague.com\/cs\/wp-json\/wp\/v2\/product_cat?post=1633"},{"taxonomy":"product_tag","embeddable":true,"href":"http:\/\/www.airstayprague.com\/cs\/wp-json\/wp\/v2\/product_tag?post=1633"}],"curies":[{"name":"wp","href":"https:\/\/api.w.org\/{rel}","templated":true}]}}