{"id":7,"date":"2023-04-18T15:26:09","date_gmt":"2023-04-18T13:26:09","guid":{"rendered":"https:\/\/airstayprague.com\/?page_id=7"},"modified":"2026-04-05T11:24:28","modified_gmt":"2026-04-05T09:24:28","slug":"uvodni-stranka","status":"publish","type":"page","link":"https:\/\/www.airstayprague.com\/cs\/","title":{"rendered":"\u00davodn\u00ed str\u00e1nka"},"content":{"rendered":"\t\t<div data-elementor-type=\"wp-page\" data-elementor-id=\"7\" class=\"elementor elementor-7\">\n\t\t\t\t\t\t<section class=\"elementor-section elementor-top-section elementor-element elementor-element-ee09e76 elementor-section-boxed elementor-section-height-default elementor-section-height-default\" data-id=\"ee09e76\" data-element_type=\"section\" data-e-type=\"section\">\n\t\t\t\t\t\t<div class=\"elementor-container elementor-column-gap-default\">\n\t\t\t\t\t<div class=\"elementor-column elementor-col-100 elementor-top-column elementor-element elementor-element-9f2ca84\" data-id=\"9f2ca84\" data-element_type=\"column\" data-e-type=\"column\">\n\t\t\t<div class=\"elementor-widget-wrap elementor-element-populated\">\n\t\t\t\t\r\n\r\n\t\t\t<\/div>\n\t\t<\/div>\n\t\t\t\t\t<\/div>\n\t\t<\/section>\n\t\t\t\t<section class=\"elementor-section elementor-top-section elementor-element elementor-element-632b435 elementor-section-boxed elementor-section-height-default elementor-section-height-default\" data-id=\"632b435\" data-element_type=\"section\" data-e-type=\"section\">\n\t\t\t\t\t\t<div class=\"elementor-container elementor-column-gap-default\">\n\t\t\t\t\t<div class=\"elementor-column elementor-col-100 elementor-top-column elementor-element elementor-element-45d7332\" data-id=\"45d7332\" data-element_type=\"column\" data-e-type=\"column\">\n\t\t\t<div class=\"elementor-widget-wrap elementor-element-populated\">\n\t\t\t\t\t\t<div class=\"elementor-element elementor-element-df51c22 elementor-widget elementor-widget-spacer\" data-id=\"df51c22\" data-element_type=\"widget\" data-e-type=\"widget\" data-widget_type=\"spacer.default\">\n\t\t\t\t<div class=\"elementor-widget-container\">\n\t\t\t\t\t\t\t<div class=\"elementor-spacer\">\n\t\t\t<div class=\"elementor-spacer-inner\"><\/div>\n\t\t<\/div>\n\t\t\t\t\t\t<\/div>\n\t\t\t\t<\/div>\n\t\t\t\t\t<\/div>\n\t\t<\/div>\n\t\t\t\t\t<\/div>\n\t\t<\/section>\n\t\t\t\t<section class=\"elementor-section elementor-top-section elementor-element elementor-element-401d667 elementor-section-boxed elementor-section-height-default elementor-section-height-default\" data-id=\"401d667\" data-element_type=\"section\" data-e-type=\"section\">\n\t\t\t\t\t\t<div class=\"elementor-container elementor-column-gap-default\">\n\t\t\t\t\t<div class=\"elementor-column elementor-col-100 elementor-top-column elementor-element elementor-element-47112a9\" data-id=\"47112a9\" data-element_type=\"column\" data-e-type=\"column\">\n\t\t\t<div class=\"elementor-widget-wrap elementor-element-populated\">\n\t\t\t\t\t\t<div class=\"elementor-element elementor-element-973bd4d text-box elementor-widget elementor-widget-text-editor\" data-id=\"973bd4d\" data-element_type=\"widget\" data-e-type=\"widget\" data-widget_type=\"text-editor.default\">\n\t\t\t\t<div class=\"elementor-widget-container\">\n\t\t\t\t\t\t\t\t\t<h1>V\u00edtejte na na\u0161em webu<\/h1>\n<hr>\n<p data-path-to-node=\"2\"><span style=\"font-size: 1rem;\">Moment\u00e1ln\u011b pro v\u00e1s p\u0159ipravujeme zcela nov\u00fd web, aby odpov\u00eddal standardu na\u0161ich apartm\u00e1n\u016f.<\/span><\/p><p data-path-to-node=\"3\">D\u011bkujeme za pochopen\u00ed, \u017ee v\u011bt\u0161ina sekc\u00ed nyn\u00ed proch\u00e1z\u00ed rekonstrukc\u00ed.<\/p>\n<p data-path-to-node=\"4\"><b data-path-to-node=\"4\" data-index-in-node=\"0\">Co je moment\u00e1ln\u011b k dispozici:<\/b><\/p>\n<ul data-path-to-node=\"5\">\n<li>\n<p data-path-to-node=\"5,0,0\"><b data-path-to-node=\"5,0,0\" data-index-in-node=\"0\">E-SHOP:<\/b> Na\u0161e jedin\u00e1 pln\u011b funk\u010dn\u00ed sekce, ur\u010den\u00e1 pro na\u0161e <b data-path-to-node=\"5,0,0\" data-index-in-node=\"56\">p\u0159\u00edm\u00e9 hosty<\/b> i hosty z Airbnb a Bookingu pro n\u00e1kup dopl\u0148kov\u00fdch slu\u017eeb.<\/p>\n<\/li>\n<li>\n<p data-path-to-node=\"5,1,0\"><b data-path-to-node=\"5,1,0\" data-index-in-node=\"0\">V\u00ddB\u011aR APARTM\u00c1N\u016e:<\/b> Zat\u00edm si m\u016f\u017eete prohl\u00e9dnout ochutn\u00e1vku na\u0161ich vybran\u00fdch jednotek n\u00ed\u017ee na t\u00e9to str\u00e1nce.<\/p>\n<\/li>\n<li>\n<p data-path-to-node=\"5,2,0\"><b data-path-to-node=\"5,2,0\" data-index-in-node=\"0\">N\u00c1\u0160 DRUH\u00dd WEB:<\/b> Pro v\u00edce informac\u00ed a dal\u0161\u00ed mo\u017enosti ubytov\u00e1n\u00ed pros\u00edm nav\u0161tivte na\u0161e sestersk\u00e9 str\u00e1nky zde: <a href=\"http:\/\/www.airstayprague.com\"><b>www.airstayprague.com<\/b><\/a><\/p>\n<\/li>\n<\/ul>\t\t\t\t\t\t\t\t<\/div>\n\t\t\t\t<\/div>\n\t\t\t\t<div class=\"elementor-element elementor-element-2bc1df9 elementor-widget elementor-widget-spacer\" data-id=\"2bc1df9\" data-element_type=\"widget\" data-e-type=\"widget\" data-widget_type=\"spacer.default\">\n\t\t\t\t<div class=\"elementor-widget-container\">\n\t\t\t\t\t\t\t<div class=\"elementor-spacer\">\n\t\t\t<div class=\"elementor-spacer-inner\"><\/div>\n\t\t<\/div>\n\t\t\t\t\t\t<\/div>\n\t\t\t\t<\/div>\n\t\t\t\t<div class=\"elementor-element elementor-element-6c4269c elementor-widget elementor-widget-heading\" data-id=\"6c4269c\" data-element_type=\"widget\" data-e-type=\"widget\" data-widget_type=\"heading.default\">\n\t\t\t\t<div class=\"elementor-widget-container\">\n\t\t\t\t\t<h3 class=\"elementor-heading-title elementor-size-default\">Na\u0161e nab\u00eddka<\/h3>\t\t\t\t<\/div>\n\t\t\t\t<\/div>\n\t\t\t\t<div class=\"elementor-element elementor-element-4ccb69d elementor-widget elementor-widget-Vypis ubytovani\" data-id=\"4ccb69d\" data-element_type=\"widget\" data-e-type=\"widget\" data-widget_type=\"Vypis ubytovani.default\">\n\t\t\t\t<div class=\"elementor-widget-container\">\n\t\t\t\t\t<style>\r\n#room-template{\r\n\tflex-direction: column !important;\r\n}\r\n.skeleton-container{\r\n\tflex-direction: column !important;\r\n    padding: 10px;\r\n}\r\n.skeleton{\r\n\tanimation: skeleton-loading 1s linear infinite alternate;\r\n\tborder-radius: 0.175rem;\r\n}\r\n.skeleton-img{\r\n\theight: 296px !important;\r\n\tmargin-bottom: 1rem;\r\n}\r\n.skeleton-title{\r\n\theight: 1.375rem;\r\n\tmargin: 0.25rem 0 0.5rem 0;\r\n\twidth: 90%;\r\n}\r\n.skeleton-text{\r\n\twidth: 100%;\r\n\theight: 0.5rem;\r\n\tmargin-bottom: 0.25rem;\r\n\tborder-radius: 0.125rem;\r\n}\r\n.skeleton-text:nth-child(5){\r\n\tmargin-bottom: 0;\r\n\twidth: 80% !important;\r\n}\r\n.skeleton-button{\r\n\theight: 1.75rem;\r\n\twidth: 50%;\r\n\tmargin: 0.9rem 0;\r\n}\r\n@keyframes skeleton-loading {\r\n\t0%{\r\n\t\tbackground-color: hsl(200,20%,70%);\r\n\t}\r\n\t\r\n\t100%{\r\n\t\tbackground-color: hsl(200,20%,95%);\r\n\t}\r\n}\r\n\t\r\n\r\n#rooms{\r\n\tdisplay: grid;\r\n\tgrid-template-columns: repeat(auto-fit, minmax(250px, 1fr));\r\n\twidth: 100%;\r\n\talign-items: flex-start;\r\n  justify-content: flex-start;\r\n}\r\n\t\r\n#rooms .room-link{\r\n\tpadding:0;\r\n\ttransition: all .4s;\r\n\tflex-direction: column;\r\n\tdisplay:flex;\r\n\tcolor: black;\r\n\twidth: 100%;\r\n\tmin-width: 280px;\r\n}\r\n#rooms .room-link .room-body{\r\n\tpadding: 0px 12px 20px 12px;\r\n}\r\n#rooms .room-link:hover{\r\n\tbox-shadow: 0 6.4px 12.9px rgba(0,0,0,.055), 0 51px 103px rgba(0,0,0,.11);\r\n}\r\n#rooms .room-link img, .room-img-placeholder {\r\n    width: 100%;\r\n    height: 296px;\r\n    object-fit: cover;\r\n}\r\n\t\r\n\r\n#rooms h2 {\r\n    margin-bottom: 0;\r\n}\r\n\t\r\n#rooms p {\r\n    font-family: fontMainRegular;\r\n    font-size: 1rem;\r\n}\r\n\r\n#rooms a .button-link, #rooms .button-link {\r\n    color: white;\r\n    padding: 8px 16px;\r\n    transition: all 200ms;\r\n    border: 0;\r\n    display: inline-block;\r\n}\r\n\r\n\r\n    .swiper-slide img {\r\n      display: block;\r\n      width: 100%;\r\n      height: 100%;\r\n      object-fit: cover;\r\n    }\r\n\r\n\t\t    .swiper {\r\n      width: 100%;\r\n      height: 100%;\r\n    }\r\n\r\n\r\n<\/style>\r\n\r\n    <div id=\"rooms\"><\/div>\r\n\r\n<script src=\"https:\/\/cdn.jsdelivr.net\/npm\/swiper@10\/swiper-bundle.min.js\"><\/script>\r\n<script>\r\n    async function init() {\r\n    const loadingHTML = createLoadingHTML();\r\n    insertHTML(loadingHTML);\r\n    const roomsRaw = await fetchRooms().catch((error) => console.error);\r\n    if (!roomsRaw) return;\r\n    const roomsWitchPictures = await fetchPicturesFromRooms(roomsRaw).catch((error) => console.error);\r\n    if (!roomsWitchPictures) return;\r\n\t\tconsole.log(roomsWitchPictures);\r\n   \tconst roomsHTML = mapHTMLWithRooms(roomsWitchPictures); \r\n    insertHTML(roomsHTML);\r\n\t\t\r\n\t\tsetTimeout(() => {\r\n\t\t\tconst swiper = new Swiper(\".swiper\", {\r\n  \t\tspeed: 400,\r\n  navigation: {\r\n    nextEl: '.swiper-button-next',\r\n    prevEl: '.swiper-button-prev',\r\n  },\r\n\t\t});\r\n\t\t}, 100);\r\n}\r\n\r\n\r\nfunction mapHTMLWithRooms(rooms) {\r\n    let roomsHTML = \"\";\r\n    rooms.map((room) => {\r\n        roomsHTML += createHTMLDOM(room);\r\n    });\r\n    return roomsHTML;\r\n}\r\nfunction createHTMLDOM(room) {\r\n\t\tconst roomLink = room?.link;\r\n\t\tlet swiperImages = \"\";\r\n\t\troom?.carouselImages?.map((image)=> swiperImages += `<div class=\"swiper-slide\"><img decoding=\"async\" src=\"${image.source_url}\"><\/div>`)\r\n    const heroImageDOM = swiperImages !== \"\" ? `<div class=\"swiper\"><div class=\"swiper-wrapper\">${swiperImages}<\/div><div class=\"swiper-button-prev\"><\/div><div class=\"swiper-button-next\"><\/div><\/div>` : `<div class=\"room-img-placeholder\"><\/div>`;\r\n    const heroTitleDOM = room?.acf?.name ? `<h2>${room?.acf?.name}<\/h2>` : \"<h2><h2>\";\r\n    const countDOM = room?.acf?.guest_number ? `<p>Po\u010det host\u016f: ${room?.acf?.guest_number}<\/p>` :  \"\";\r\n    return `\r\n    <section class=\"room-link\">\r\n\t<a href=\"${roomLink}\">\r\n    ${heroImageDOM}\r\n    <div class=\"room-body\">\r\n        ${heroTitleDOM}\r\n        ${countDOM}\r\n        <a href=\"${roomLink}\">\r\n        <button class=\"button-link\">UK\u00c1ZAT POKOJ - REZERVOVAT<\/button>\r\n        <\/a>\r\n    <\/div>\r\n    <\/a><\/section>`;\r\n}\r\nfunction fetchRooms() {\r\n    return fetch(`${window.location.origin}\/wp-json\/wp\/v2\/room?per_page=10`).then((body) => body.json());\r\n}\r\nasync function fetchPicturesFromRooms(roomsRaw) {\r\n    let asyncMap = roomsRaw.map(async (room) => {\r\n\t\t\t\troom.carouselImages = await fetchGalleryPictures([room.acf.images.image1, room.acf.images.image2, room.acf.images.image3]);\r\n\r\n        \/\/ if (!room[\"_links\"][\"wp:featuredmedia\"]) return { ...room, hero_image: null };\r\n        \/\/ const image = await fetch(`${room[\"_links\"][\"wp:featuredmedia\"][0][\"href\"]}`).then((body) => body.json());\r\n\r\n\r\n        \/\/ room.hero_image = image.source_url || null;\r\n        return room;\r\n    });\r\n    return await Promise.all(asyncMap);\r\n}\r\n\r\n                async function fetchGalleryPictures(pictures){\r\n                pictures = pictures.filter((pic)=>pic !== \"\");\r\n\r\n                if(!pictures) return [];\r\n                const fetchPictures = pictures.map(async (imgId)=>{\r\n                    return await fetch(`${window.location.origin}\/wp-json\/wp\/v2\/media\/${imgId}`).then((body) => body.json());\r\n                });\r\n\r\n                let result = await Promise.all(fetchPictures);\r\n                result = result.filter((img)=>img.id !== undefined);\r\n                return result;\r\n                }\r\n\r\n\r\nfunction createLoadingHTML() {\r\n    let loadingHTML = \"\";\r\n    let i = 0;\r\n    while (i < 8) {\r\n        loadingHTML += `\r\n        <div id=\"room-template\" class=\"room-link skeleton-container\">\r\n            <div class=\"skeleton skeleton-img\"><\/div>\r\n\t    <\/div>\r\n        `;\r\n        i++;\r\n    }\r\n    return loadingHTML;\r\n}\r\nfunction insertHTML(html) {\r\n    document.getElementById(\"rooms\").innerHTML = html;\r\n}\r\n\r\n\r\n\r\ninit();\r\n\r\n<\/script>\r\n\r\n\t\t\t\t<\/div>\n\t\t\t\t<\/div>\n\t\t\t\t\t<\/div>\n\t\t<\/div>\n\t\t\t\t\t<\/div>\n\t\t<\/section>\n\t\t\t\t<section class=\"elementor-section elementor-top-section elementor-element elementor-element-7391492 elementor-section-boxed elementor-section-height-default elementor-section-height-default\" data-id=\"7391492\" data-element_type=\"section\" data-e-type=\"section\">\n\t\t\t\t\t\t<div class=\"elementor-container elementor-column-gap-default\">\n\t\t\t\t\t<div class=\"elementor-column elementor-col-100 elementor-top-column elementor-element elementor-element-8502dbf\" data-id=\"8502dbf\" data-element_type=\"column\" data-e-type=\"column\">\n\t\t\t<div class=\"elementor-widget-wrap\">\n\t\t\t\t\t\t\t<\/div>\n\t\t<\/div>\n\t\t\t\t\t<\/div>\n\t\t<\/section>\n\t\t\t\t<\/div>\n\t\t","protected":false},"excerpt":{"rendered":"<p>V\u00edtejte na na\u0161em webu Moment\u00e1ln\u011b pro v\u00e1s p\u0159ipravujeme zcela nov\u00fd web, aby odpov\u00eddal standardu na\u0161ich apartm\u00e1n\u016f. D\u011bkujeme za pochopen\u00ed, \u017ee v\u011bt\u0161ina sekc\u00ed nyn\u00ed proch\u00e1z\u00ed rekonstrukc\u00ed. Co je moment\u00e1ln\u011b k dispozici: E-SHOP: Na\u0161e jedin\u00e1 pln\u011b funk\u010dn\u00ed sekce, ur\u010den\u00e1 pro na\u0161e p\u0159\u00edm\u00e9 hosty i hosty z Airbnb a Bookingu pro n\u00e1kup dopl\u0148kov\u00fdch slu\u017eeb. V\u00ddB\u011aR APARTM\u00c1N\u016e: Zat\u00edm si [&hellip;]<\/p>\n","protected":false},"author":1,"featured_media":0,"parent":0,"menu_order":0,"comment_status":"closed","ping_status":"closed","template":"","meta":{"_acf_changed":false,"footnotes":""},"class_list":["post-7","page","type-page","status-publish","hentry"],"acf":[],"yoast_head":"<!-- This site is optimized with the Yoast SEO plugin v27.3 - https:\/\/yoast.com\/product\/yoast-seo-wordpress\/ -->\n<title>\u00davodn\u00ed str\u00e1nka - Airstay Prague<\/title>\n<meta name=\"description\" content=\"Discover comfort and curated experiences with Airstay. Explore our stylish private apartments in Prague, Karlovy Vary, and Portugal, each thoughtfully designed for a cozy stay. Elevate your experience with exclusive services and memorable moments. Book now for a blend of sophistication and relaxation.\" \/>\n<meta name=\"robots\" content=\"index, follow, max-snippet:-1, max-image-preview:large, max-video-preview:-1\" \/>\n<link rel=\"canonical\" href=\"https:\/\/www.airstayprague.com\/cs\/\" \/>\n<meta property=\"og:locale\" content=\"cs_CZ\" \/>\n<meta property=\"og:type\" content=\"article\" \/>\n<meta property=\"og:title\" content=\"\u00davodn\u00ed str\u00e1nka - Airstay Prague\" \/>\n<meta property=\"og:description\" content=\"Discover comfort and curated experiences with Airstay. Explore our stylish private apartments in Prague, Karlovy Vary, and Portugal, each thoughtfully designed for a cozy stay. Elevate your experience with exclusive services and memorable moments. Book now for a blend of sophistication and relaxation.\" \/>\n<meta property=\"og:url\" content=\"https:\/\/www.airstayprague.com\/cs\/\" \/>\n<meta property=\"og:site_name\" content=\"Airstay Prague\" \/>\n<meta property=\"article:publisher\" content=\"https:\/\/www.facebook.com\/AirstayInc\" \/>\n<meta property=\"article:modified_time\" content=\"2026-04-05T09:24:28+00:00\" \/>\n<meta name=\"twitter:card\" content=\"summary_large_image\" \/>\n<meta name=\"twitter:label1\" content=\"Odhadovan\u00e1 doba \u010dten\u00ed\" \/>\n\t<meta name=\"twitter:data1\" content=\"6 minut\" \/>\n<script type=\"application\/ld+json\" class=\"yoast-schema-graph\">{\"@context\":\"https:\\\/\\\/schema.org\",\"@graph\":[{\"@type\":\"WebPage\",\"@id\":\"https:\\\/\\\/www.airstayprague.com\\\/\",\"url\":\"https:\\\/\\\/www.airstayprague.com\\\/\",\"name\":\"\u00davodn\u00ed str\u00e1nka - Airstay Prague\",\"isPartOf\":{\"@id\":\"https:\\\/\\\/www.airstayprague.com\\\/#website\"},\"datePublished\":\"2023-04-18T13:26:09+00:00\",\"dateModified\":\"2026-04-05T09:24:28+00:00\",\"description\":\"Discover comfort and curated experiences with Airstay. Explore our stylish private apartments in Prague, Karlovy Vary, and Portugal, each thoughtfully designed for a cozy stay. Elevate your experience with exclusive services and memorable moments. Book now for a blend of sophistication and relaxation.\",\"breadcrumb\":{\"@id\":\"https:\\\/\\\/www.airstayprague.com\\\/#breadcrumb\"},\"inLanguage\":\"cs\",\"potentialAction\":[{\"@type\":\"ReadAction\",\"target\":[\"https:\\\/\\\/www.airstayprague.com\\\/\"]}]},{\"@type\":\"BreadcrumbList\",\"@id\":\"https:\\\/\\\/www.airstayprague.com\\\/#breadcrumb\",\"itemListElement\":[{\"@type\":\"ListItem\",\"position\":1,\"name\":\"Dom\u016f\",\"item\":\"https:\\\/\\\/www.airstayprague.com\\\/\"},{\"@type\":\"ListItem\",\"position\":2,\"name\":\"\u00davodn\u00ed str\u00e1nka\"}]},{\"@type\":\"WebSite\",\"@id\":\"https:\\\/\\\/www.airstayprague.com\\\/#website\",\"url\":\"https:\\\/\\\/www.airstayprague.com\\\/\",\"name\":\"Airstay Prague\",\"description\":\"Airstay Prague\",\"publisher\":{\"@id\":\"https:\\\/\\\/www.airstayprague.com\\\/#organization\"},\"potentialAction\":[{\"@type\":\"SearchAction\",\"target\":{\"@type\":\"EntryPoint\",\"urlTemplate\":\"https:\\\/\\\/www.airstayprague.com\\\/?s={search_term_string}\"},\"query-input\":{\"@type\":\"PropertyValueSpecification\",\"valueRequired\":true,\"valueName\":\"search_term_string\"}}],\"inLanguage\":\"cs\"},{\"@type\":\"Organization\",\"@id\":\"https:\\\/\\\/www.airstayprague.com\\\/#organization\",\"name\":\"Airstay Prague s.r.o.\",\"url\":\"https:\\\/\\\/www.airstayprague.com\\\/\",\"logo\":{\"@type\":\"ImageObject\",\"inLanguage\":\"cs\",\"@id\":\"https:\\\/\\\/www.airstayprague.com\\\/#\\\/schema\\\/logo\\\/image\\\/\",\"url\":\"https:\\\/\\\/www.airstayprague.com\\\/wp-content\\\/uploads\\\/2023\\\/04\\\/original_5063651b-20aa-45ba-8046-b2b087c9a64c-e1689065705302.png\",\"contentUrl\":\"https:\\\/\\\/www.airstayprague.com\\\/wp-content\\\/uploads\\\/2023\\\/04\\\/original_5063651b-20aa-45ba-8046-b2b087c9a64c-e1689065705302.png\",\"width\":396,\"height\":416,\"caption\":\"Airstay Prague s.r.o.\"},\"image\":{\"@id\":\"https:\\\/\\\/www.airstayprague.com\\\/#\\\/schema\\\/logo\\\/image\\\/\"},\"sameAs\":[\"https:\\\/\\\/www.facebook.com\\\/AirstayInc\",\"https:\\\/\\\/www.instagram.com\\\/airstayprague\\\/\"]}]}<\/script>\n<!-- \/ Yoast SEO plugin. -->","yoast_head_json":{"title":"\u00davodn\u00ed str\u00e1nka - Airstay Prague","description":"Discover comfort and curated experiences with Airstay. Explore our stylish private apartments in Prague, Karlovy Vary, and Portugal, each thoughtfully designed for a cozy stay. Elevate your experience with exclusive services and memorable moments. Book now for a blend of sophistication and relaxation.","robots":{"index":"index","follow":"follow","max-snippet":"max-snippet:-1","max-image-preview":"max-image-preview:large","max-video-preview":"max-video-preview:-1"},"canonical":"https:\/\/www.airstayprague.com\/cs\/","og_locale":"cs_CZ","og_type":"article","og_title":"\u00davodn\u00ed str\u00e1nka - Airstay Prague","og_description":"Discover comfort and curated experiences with Airstay. Explore our stylish private apartments in Prague, Karlovy Vary, and Portugal, each thoughtfully designed for a cozy stay. Elevate your experience with exclusive services and memorable moments. Book now for a blend of sophistication and relaxation.","og_url":"https:\/\/www.airstayprague.com\/cs\/","og_site_name":"Airstay Prague","article_publisher":"https:\/\/www.facebook.com\/AirstayInc","article_modified_time":"2026-04-05T09:24:28+00:00","twitter_card":"summary_large_image","twitter_misc":{"Odhadovan\u00e1 doba \u010dten\u00ed":"6 minut"},"schema":{"@context":"https:\/\/schema.org","@graph":[{"@type":"WebPage","@id":"https:\/\/www.airstayprague.com\/","url":"https:\/\/www.airstayprague.com\/","name":"\u00davodn\u00ed str\u00e1nka - Airstay Prague","isPartOf":{"@id":"https:\/\/www.airstayprague.com\/#website"},"datePublished":"2023-04-18T13:26:09+00:00","dateModified":"2026-04-05T09:24:28+00:00","description":"Discover comfort and curated experiences with Airstay. Explore our stylish private apartments in Prague, Karlovy Vary, and Portugal, each thoughtfully designed for a cozy stay. Elevate your experience with exclusive services and memorable moments. Book now for a blend of sophistication and relaxation.","breadcrumb":{"@id":"https:\/\/www.airstayprague.com\/#breadcrumb"},"inLanguage":"cs","potentialAction":[{"@type":"ReadAction","target":["https:\/\/www.airstayprague.com\/"]}]},{"@type":"BreadcrumbList","@id":"https:\/\/www.airstayprague.com\/#breadcrumb","itemListElement":[{"@type":"ListItem","position":1,"name":"Dom\u016f","item":"https:\/\/www.airstayprague.com\/"},{"@type":"ListItem","position":2,"name":"\u00davodn\u00ed str\u00e1nka"}]},{"@type":"WebSite","@id":"https:\/\/www.airstayprague.com\/#website","url":"https:\/\/www.airstayprague.com\/","name":"Airstay Prague","description":"Airstay Prague","publisher":{"@id":"https:\/\/www.airstayprague.com\/#organization"},"potentialAction":[{"@type":"SearchAction","target":{"@type":"EntryPoint","urlTemplate":"https:\/\/www.airstayprague.com\/?s={search_term_string}"},"query-input":{"@type":"PropertyValueSpecification","valueRequired":true,"valueName":"search_term_string"}}],"inLanguage":"cs"},{"@type":"Organization","@id":"https:\/\/www.airstayprague.com\/#organization","name":"Airstay Prague s.r.o.","url":"https:\/\/www.airstayprague.com\/","logo":{"@type":"ImageObject","inLanguage":"cs","@id":"https:\/\/www.airstayprague.com\/#\/schema\/logo\/image\/","url":"https:\/\/www.airstayprague.com\/wp-content\/uploads\/2023\/04\/original_5063651b-20aa-45ba-8046-b2b087c9a64c-e1689065705302.png","contentUrl":"https:\/\/www.airstayprague.com\/wp-content\/uploads\/2023\/04\/original_5063651b-20aa-45ba-8046-b2b087c9a64c-e1689065705302.png","width":396,"height":416,"caption":"Airstay Prague s.r.o."},"image":{"@id":"https:\/\/www.airstayprague.com\/#\/schema\/logo\/image\/"},"sameAs":["https:\/\/www.facebook.com\/AirstayInc","https:\/\/www.instagram.com\/airstayprague\/"]}]}},"_links":{"self":[{"href":"https:\/\/www.airstayprague.com\/cs\/wp-json\/wp\/v2\/pages\/7","targetHints":{"allow":["GET"]}}],"collection":[{"href":"https:\/\/www.airstayprague.com\/cs\/wp-json\/wp\/v2\/pages"}],"about":[{"href":"https:\/\/www.airstayprague.com\/cs\/wp-json\/wp\/v2\/types\/page"}],"author":[{"embeddable":true,"href":"https:\/\/www.airstayprague.com\/cs\/wp-json\/wp\/v2\/users\/1"}],"replies":[{"embeddable":true,"href":"https:\/\/www.airstayprague.com\/cs\/wp-json\/wp\/v2\/comments?post=7"}],"version-history":[{"count":48,"href":"https:\/\/www.airstayprague.com\/cs\/wp-json\/wp\/v2\/pages\/7\/revisions"}],"predecessor-version":[{"id":2728,"href":"https:\/\/www.airstayprague.com\/cs\/wp-json\/wp\/v2\/pages\/7\/revisions\/2728"}],"wp:attachment":[{"href":"https:\/\/www.airstayprague.com\/cs\/wp-json\/wp\/v2\/media?parent=7"}],"curies":[{"name":"wp","href":"https:\/\/api.w.org\/{rel}","templated":true}]}}